{"id":1063,"date":"2022-01-22T14:27:32","date_gmt":"2022-01-22T14:27:32","guid":{"rendered":"https:\/\/0eaa2a1151.nxcli.io\/?page_id=1063"},"modified":"2022-06-01T21:53:36","modified_gmt":"2022-06-01T21:53:36","slug":"hotel-vestmannaeyjar","status":"publish","type":"page","link":"https:\/\/thenewpostoffice.is\/is\/hotel-vestmannaeyjar\/","title":{"rendered":"Gisting \u00ed Vestmannaeyjum"},"content":{"rendered":"\t\t<div data-elementor-type=\"wp-page\" data-elementor-id=\"1063\" class=\"elementor elementor-1063\" data-elementor-post-type=\"page\">\n\t\t\t\t\t\t<section class=\"elementor-section elementor-top-section elementor-element elementor-element-5d7ac3b elementor-section-boxed elementor-section-height-default elementor-section-height-default\" data-id=\"5d7ac3b\" data-element_type=\"section\" data-e-type=\"section\">\n\t\t\t\t\t\t<div class=\"elementor-container elementor-column-gap-default\">\n\t\t\t\t\t<div class=\"elementor-column elementor-col-50 elementor-top-column elementor-element elementor-element-71173d2\" data-id=\"71173d2\" data-element_type=\"column\" data-e-type=\"column\">\n\t\t\t<div class=\"elementor-widget-wrap elementor-element-populated\">\n\t\t\t\t\t\t<div class=\"elementor-element elementor-element-0d5ef34 elementor-widget elementor-widget-heading\" data-id=\"0d5ef34\" data-element_type=\"widget\" data-e-type=\"widget\" data-widget_type=\"heading.default\">\n\t\t\t\t<div class=\"elementor-widget-container\">\n\t\t\t\t\t<h2 class=\"elementor-heading-title elementor-size-default\">Gisting \u00ed Vestmannaeyjum<\/h2>\t\t\t\t<\/div>\n\t\t\t\t<\/div>\n\t\t\t\t\t<\/div>\n\t\t<\/div>\n\t\t\t\t<div class=\"elementor-column elementor-col-50 elementor-top-column elementor-element elementor-element-949ff32\" data-id=\"949ff32\" data-element_type=\"column\" data-e-type=\"column\">\n\t\t\t<div class=\"elementor-widget-wrap\">\n\t\t\t\t\t\t\t<\/div>\n\t\t<\/div>\n\t\t\t\t\t<\/div>\n\t\t<\/section>\n\t\t\t\t<section class=\"elementor-section elementor-top-section elementor-element elementor-element-5b4e5a5 elementor-section-boxed elementor-section-height-default elementor-section-height-default\" data-id=\"5b4e5a5\" data-element_type=\"section\" data-e-type=\"section\">\n\t\t\t\t\t\t<div class=\"elementor-container elementor-column-gap-default\">\n\t\t\t\t\t<div class=\"elementor-column elementor-col-100 elementor-top-column elementor-element elementor-element-d1be8f2\" data-id=\"d1be8f2\" data-element_type=\"column\" data-e-type=\"column\">\n\t\t\t<div class=\"elementor-widget-wrap elementor-element-populated\">\n\t\t\t\t\t\t<div class=\"elementor-element elementor-element-6ad193c elementor-widget elementor-widget-text-editor\" data-id=\"6ad193c\" data-element_type=\"widget\" data-e-type=\"widget\" data-widget_type=\"text-editor.default\">\n\t\t\t\t<div class=\"elementor-widget-container\">\n\t\t\t\t\t\t\t\t\t<p>Ertu a\u00f0 leita a\u00f0 h\u00f3teli, \u00edb\u00fa\u00f0 e\u00f0a gistingu \u00ed Vestmannaeyjum? N\u00fdja P\u00f3sth\u00fasi\u00f0 er upplagt fyrir einstaklinga, p\u00f6r, fj\u00f6lskyldur, barnaf\u00f3lk, vini og vandamenn.<\/p><p>N\u00fdja P\u00f3sth\u00fasi\u00f0 er \u00edb\u00fa\u00f0ah\u00f3tel me\u00f0 17 fullb\u00fanum \u00edb\u00fa\u00f0um 28-38 fermetrum a\u00f0 st\u00e6r\u00f0. Vi\u00f0 erum sta\u00f0sett \u00e1 Vestmannabraut \u00ed hjarta b\u00e6jarins. \u00dea\u00f0 eru n\u00e6g b\u00edlast\u00e6\u00f0i vi\u00f0 \u00edb\u00fa\u00f0ah\u00f3teli\u00f0 en stutt er \u00ed alla \u00fej\u00f3nustu, verslanir, kaffih\u00fas og veitingasta\u00f0i.<\/p><p><span style=\"color: var( --e-global-color-text ); font-family: var( --e-global-typography-text-font-family ), Sans-serif; font-size: 1rem; font-weight: var( --e-global-typography-text-font-weight );\">\u00cdb\u00fa\u00f0irnar eru me\u00f0 fullb\u00fain eldh\u00fas og \u00fev\u00ed er ekki bo\u00f0i\u00f0 upp \u00e1 morgunmat. Stutt er \u00ed n\u00e6stu matv\u00f6ruverslun, veitingasta\u00f0i og kaffih\u00fas.<\/span><\/p><p><span style=\"font-weight: bolder;\">2ja herbergja \u00edb\u00fa\u00f0irnar<\/span><\/p><ul style=\"font-size: 16px; background-color: #ffffff;\"><li style=\"font-size: 16px;\">30-38 fermetra \u00edb\u00fa\u00f0ir me\u00f0 einu svefnherbergi<\/li><li style=\"font-size: 16px;\">Tv\u00f6 einbrei\u00f0 e\u00f0a st\u00f3rt tv\u00edbreitt r\u00fam \u00e1samt svefns\u00f3fa, svefna\u00f0sta\u00f0a fyrir 2-4 manns<\/li><li style=\"font-size: 16px;\">Fullb\u00fai\u00f0 eldh\u00fas og eldh\u00fasbor\u00f0<\/li><li style=\"font-size: 16px;\">Ba\u00f0herbergi me\u00f0 sturtu og hreinl\u00e6tisv\u00f6rum<\/li><li style=\"font-size: 16px;\">Snjallsj\u00f3nvarp me\u00f0 a\u00f0gang a\u00f0 Netflix<\/li><li style=\"font-size: 16px;\">S\u00e9r svalir<\/li><\/ul><div><p><span style=\"font-weight: bolder; color: var( --e-global-color-text ); font-family: var( --e-global-typography-text-font-family ), Sans-serif; font-size: 1rem;\"><br \/>St\u00fad\u00ed\u00f3\u00edb\u00fa\u00f0irnar<\/span><\/p><ul style=\"font-size: 16px; background-color: #ffffff;\"><li style=\"font-size: 16px;\">28 fermetra st\u00fad\u00ed\u00f3\u00edb\u00fa\u00f0<\/li><li style=\"font-size: 16px;\">140 cm r\u00fam og svefns\u00f3fi, svefna\u00f0sta\u00f0a fyrir 2-3 manns<\/li><li style=\"font-size: 16px;\">Fullb\u00fai\u00f0 eldh\u00fas og eldh\u00fasbor\u00f0<\/li><li style=\"font-size: 16px;\">Ba\u00f0herbergi me\u00f0 sturtu og hreinl\u00e6tisv\u00f6rum<\/li><li style=\"font-size: 16px;\">Snjallsj\u00f3nvarp me\u00f0 a\u00f0gang a\u00f0 Netflix<\/li><li style=\"font-size: 16px;\">S\u00e9r svalir<\/li><\/ul><div>\u00a0<\/div><div><a href=\"https:\/\/thenewpostoffice.is\/is\/ibudirnar\/\" target=\"_blank\" rel=\"noopener\">N\u00e1nari l\u00fdsing \u00e1 \u00edb\u00fa\u00f0unum h\u00e9r.<\/a><\/div><\/div><p>\u00a0<\/p><p><strong>B\u00f3ka gistingu<br \/><\/strong><a href=\"https:\/\/thenewpostoffice.is\/is\/boka-nuna\/\">Sj\u00e1 lausar n\u00e6tur h\u00e9r<\/a> e\u00f0a hafi\u00f0 samband \u00e1 <a href=\"mailto:info@thenewpostoffice.is\">info@thenewpostoffice.is<\/a>. Vi\u00f0 erum l\u00edka \u00e1 <a href=\"https:\/\/www.facebook.com\/thenewpostoffice.mailrooms\" target=\"_blank\" rel=\"noopener\">Facebook<\/a> og <a href=\"https:\/\/www.instagram.com\/thenewpostoffice.mailrooms\/\" target=\"_blank\" rel=\"noopener\">Instagram<\/a>.<\/p><p><strong>\u00d6nnur gisting<br \/><\/strong>Einnig bj\u00f3\u00f0um vi\u00f0 upp \u00e1 einb\u00fdlish\u00fas og l\u00faxus\u00edb\u00fa\u00f0ir undir merkjum <a href=\"https:\/\/westmanislandsluxury.is\/is\/\" target=\"_blank\" rel=\"noopener\">Westman Islands Villas &amp; Apartments<\/a>.<\/p>\t\t\t\t\t\t\t\t<\/div>\n\t\t\t\t<\/div>\n\t\t\t\t\t<\/div>\n\t\t<\/div>\n\t\t\t\t\t<\/div>\n\t\t<\/section>\n\t\t\t\t<section class=\"elementor-section elementor-top-section elementor-element elementor-element-f9be16c elementor-section-boxed elementor-section-height-default elementor-section-height-default\" data-id=\"f9be16c\" data-element_type=\"section\" data-e-type=\"section\">\n\t\t\t\t\t\t<div class=\"elementor-container elementor-column-gap-default\">\n\t\t\t\t\t<div class=\"elementor-column elementor-col-100 elementor-top-column elementor-element elementor-element-462b43d\" data-id=\"462b43d\" data-element_type=\"column\" data-e-type=\"column\">\n\t\t\t<div class=\"elementor-widget-wrap elementor-element-populated\">\n\t\t\t\t\t\t<div class=\"elementor-element elementor-element-b8447a0 elementor-widget elementor-widget-image\" data-id=\"b8447a0\" data-element_type=\"widget\" data-e-type=\"widget\" data-widget_type=\"image.default\">\n\t\t\t\t<div class=\"elementor-widget-container\">\n\t\t\t\t\t\t\t\t\t\t\t\t\t\t\t<img fetchpriority=\"high\" decoding=\"async\" width=\"768\" height=\"512\" src=\"https:\/\/thenewpostoffice.is\/wp-content\/uploads\/2021\/11\/westman4-1-768x512.jpg\" class=\"attachment-medium_large size-medium_large wp-image-890\" alt=\"\" srcset=\"https:\/\/thenewpostoffice.is\/wp-content\/uploads\/2021\/11\/westman4-1-768x512.jpg 768w, https:\/\/thenewpostoffice.is\/wp-content\/uploads\/2021\/11\/westman4-1-300x200.jpg 300w, https:\/\/thenewpostoffice.is\/wp-content\/uploads\/2021\/11\/westman4-1-1024x683.jpg 1024w, https:\/\/thenewpostoffice.is\/wp-content\/uploads\/2021\/11\/westman4-1-1536x1024.jpg 1536w, https:\/\/thenewpostoffice.is\/wp-content\/uploads\/2021\/11\/westman4-1.jpg 1920w\" sizes=\"(max-width: 768px) 100vw, 768px\" \/>\t\t\t\t\t\t\t\t\t\t\t\t\t\t\t<\/div>\n\t\t\t\t<\/div>\n\t\t\t\t\t<\/div>\n\t\t<\/div>\n\t\t\t\t\t<\/div>\n\t\t<\/section>\n\t\t\t\t<section class=\"elementor-section elementor-top-section elementor-element elementor-element-d848bda elementor-section-boxed elementor-section-height-default elementor-section-height-default\" data-id=\"d848bda\" data-element_type=\"section\" data-e-type=\"section\">\n\t\t\t\t\t\t<div class=\"elementor-container elementor-column-gap-default\">\n\t\t\t\t\t<div class=\"elementor-column elementor-col-100 elementor-top-column elementor-element elementor-element-57b15e5\" data-id=\"57b15e5\" data-element_type=\"column\" data-e-type=\"column\">\n\t\t\t<div class=\"elementor-widget-wrap elementor-element-populated\">\n\t\t\t\t\t\t<div class=\"elementor-element elementor-element-eda0e3b elementor-align-center elementor-widget elementor-widget-button\" data-id=\"eda0e3b\" data-element_type=\"widget\" data-e-type=\"widget\" data-widget_type=\"button.default\">\n\t\t\t\t<div class=\"elementor-widget-container\">\n\t\t\t\t\t\t\t\t\t<div class=\"elementor-button-wrapper\">\n\t\t\t\t\t<a class=\"elementor-button elementor-button-link elementor-size-md\" href=\"https:\/\/thenewpostoffice.is\/is\/boka-nuna\/\">\n\t\t\t\t\t\t<span class=\"elementor-button-content-wrapper\">\n\t\t\t\t\t\t\t\t\t<span class=\"elementor-button-text\">SJ\u00c1 FRAMBO\u00d0<\/span>\n\t\t\t\t\t<\/span>\n\t\t\t\t\t<\/a>\n\t\t\t\t<\/div>\n\t\t\t\t\t\t\t\t<\/div>\n\t\t\t\t<\/div>\n\t\t\t\t\t<\/div>\n\t\t<\/div>\n\t\t\t\t\t<\/div>\n\t\t<\/section>\n\t\t\t\t<section class=\"elementor-section elementor-top-section elementor-element elementor-element-7ef9111 elementor-section-boxed elementor-section-height-default elementor-section-height-default\" data-id=\"7ef9111\" data-element_type=\"section\" data-e-type=\"section\">\n\t\t\t\t\t\t<div class=\"elementor-container elementor-column-gap-default\">\n\t\t\t\t\t<div class=\"elementor-column elementor-col-100 elementor-top-column elementor-element elementor-element-419f6f1\" data-id=\"419f6f1\" data-element_type=\"column\" data-e-type=\"column\">\n\t\t\t<div class=\"elementor-widget-wrap elementor-element-populated\">\n\t\t\t\t\t\t<div class=\"elementor-element elementor-element-c59335b elementor-widget elementor-widget-text-editor\" data-id=\"c59335b\" data-element_type=\"widget\" data-e-type=\"widget\" data-widget_type=\"text-editor.default\">\n\t\t\t\t<div class=\"elementor-widget-container\">\n\t\t\t\t\t\t\t\t\t<p><span style=\"font-weight: bolder;\">St\u00f3rir \u00e1rlegir vi\u00f0bur\u00f0ir \u00ed Vestmannaeyjum:<br \/><\/span>\u00derett\u00e1ndinn (jan\u00faar)<br \/><a style=\"background-color: #ffffff;\" href=\"https:\/\/thenewpostoffice.is\/is\/hotel-vestmannaeyjar\/puffin-run-gisting\/\">Puffin Run &#8211; ma\u00ed (fyrsta laugardag \u00ed ma\u00ed)<\/a><br \/>Sj\u00f3mannadagurinn (j\u00fan\u00ed)<br \/><a style=\"background-color: #ffffff;\" href=\"https:\/\/thenewpostoffice.is\/is\/hotel-vestmannaeyjar\/tm-motid-gisting\/\">TM-m\u00f3ti\u00f0 &#8211; j\u00fan\u00ed (\u00ed byrjun e\u00f0a um mi\u00f0jan m\u00e1nu\u00f0)<\/a><br \/><a style=\"background-color: #ffffff;\" href=\"https:\/\/thenewpostoffice.is\/is\/hotel-vestmannaeyjar\/orkumotid-gisting\/\">Orkum\u00f3ti\u00f0 &#8211; j\u00fan\u00ed (seinni part e\u00f0a \u00ed lok m\u00e1na\u00f0ar)<\/a><br \/>Goslokah\u00e1t\u00ed\u00f0 &#8211; j\u00fal\u00ed (fyrsta helgin \u00ed j\u00fal\u00ed)<br \/>\u00dej\u00f3\u00f0h\u00e1t\u00ed\u00f0 &#8211; \u00e1g\u00fast (fyrsta helgin \u00ed \u00e1g\u00fast)<br \/>Lundapysjut\u00edmabili\u00f0 (\u00e1g\u00fast-september)<\/p><p>\u00a0<\/p><p><strong>Anna\u00f0<br \/><\/strong><a href=\"https:\/\/thenewpostoffice.is\/is\/hotel-vestmannaeyjar\/golf-og-gisting\/\">Golf og gisting \u00ed Vestmannaeyjum<\/a><\/p>\t\t\t\t\t\t\t\t<\/div>\n\t\t\t\t<\/div>\n\t\t\t\t\t<\/div>\n\t\t<\/div>\n\t\t\t\t\t<\/div>\n\t\t<\/section>\n\t\t\t\t<\/div>\n\t\t","protected":false},"excerpt":{"rendered":"<p>Gisting \u00ed Vestmannaeyjum Ertu a\u00f0 leita a\u00f0 h\u00f3teli, \u00edb\u00fa\u00f0 e\u00f0a gistingu \u00ed Vestmannaeyjum? N\u00fdja P\u00f3sth\u00fasi\u00f0 er upplagt fyrir einstaklinga, p\u00f6r, fj\u00f6lskyldur, barnaf\u00f3lk, vini og vandamenn. N\u00fdja P\u00f3sth\u00fasi\u00f0 er \u00edb\u00fa\u00f0ah\u00f3tel me\u00f0 17 fullb\u00fanum \u00edb\u00fa\u00f0um 28-38 fermetrum a\u00f0 st\u00e6r\u00f0. Vi\u00f0 erum sta\u00f0sett \u00e1 Vestmannabraut \u00ed hjarta b\u00e6jarins. \u00dea\u00f0 eru n\u00e6g b\u00edlast\u00e6\u00f0i vi\u00f0 \u00edb\u00fa\u00f0ah\u00f3teli\u00f0 en stutt er \u00ed [&hellip;]<\/p>\n","protected":false},"author":4,"featured_media":0,"parent":0,"menu_order":0,"comment_status":"closed","ping_status":"closed","template":"","meta":{"footnotes":""},"class_list":["post-1063","page","type-page","status-publish","hentry"],"yoast_head":"<!-- This site is optimized with the Yoast SEO plugin v27.4 - https:\/\/yoast.com\/product\/yoast-seo-wordpress\/ -->\n<title>Gisting \u00ed Vestmannaeyjum - The New Post Office<\/title>\n<meta name=\"robots\" content=\"index, follow, max-snippet:-1, max-image-preview:large, max-video-preview:-1\" \/>\n<link rel=\"canonical\" href=\"https:\/\/thenewpostoffice.is\/is\/hotel-vestmannaeyjar\/\" \/>\n<meta property=\"og:locale\" content=\"is_IS\" \/>\n<meta property=\"og:type\" content=\"article\" \/>\n<meta property=\"og:title\" content=\"Gisting \u00ed Vestmannaeyjum - The New Post Office\" \/>\n<meta property=\"og:description\" content=\"Gisting \u00ed Vestmannaeyjum Ertu a\u00f0 leita a\u00f0 h\u00f3teli, \u00edb\u00fa\u00f0 e\u00f0a gistingu \u00ed Vestmannaeyjum? N\u00fdja P\u00f3sth\u00fasi\u00f0 er upplagt fyrir einstaklinga, p\u00f6r, fj\u00f6lskyldur, barnaf\u00f3lk, vini og vandamenn. N\u00fdja P\u00f3sth\u00fasi\u00f0 er \u00edb\u00fa\u00f0ah\u00f3tel me\u00f0 17 fullb\u00fanum \u00edb\u00fa\u00f0um 28-38 fermetrum a\u00f0 st\u00e6r\u00f0. Vi\u00f0 erum sta\u00f0sett \u00e1 Vestmannabraut \u00ed hjarta b\u00e6jarins. \u00dea\u00f0 eru n\u00e6g b\u00edlast\u00e6\u00f0i vi\u00f0 \u00edb\u00fa\u00f0ah\u00f3teli\u00f0 en stutt er \u00ed [&hellip;]\" \/>\n<meta property=\"og:url\" content=\"https:\/\/thenewpostoffice.is\/is\/hotel-vestmannaeyjar\/\" \/>\n<meta property=\"og:site_name\" content=\"The New Post Office\" \/>\n<meta property=\"article:modified_time\" content=\"2022-06-01T21:53:36+00:00\" \/>\n<meta property=\"og:image\" content=\"https:\/\/thenewpostoffice.is\/wp-content\/uploads\/2021\/11\/westman4-1-768x512.jpg\" \/>\n<meta name=\"twitter:card\" content=\"summary_large_image\" \/>\n<meta name=\"twitter:label1\" content=\"Est. reading time\" \/>\n\t<meta name=\"twitter:data1\" content=\"2 minutes\" \/>\n<script type=\"application\/ld+json\" class=\"yoast-schema-graph\">{\"@context\":\"https:\\\/\\\/schema.org\",\"@graph\":[{\"@type\":\"WebPage\",\"@id\":\"https:\\\/\\\/thenewpostoffice.is\\\/is\\\/hotel-vestmannaeyjar\\\/\",\"url\":\"https:\\\/\\\/thenewpostoffice.is\\\/is\\\/hotel-vestmannaeyjar\\\/\",\"name\":\"Gisting \u00ed Vestmannaeyjum - The New Post Office\",\"isPartOf\":{\"@id\":\"https:\\\/\\\/thenewpostoffice.is\\\/#website\"},\"primaryImageOfPage\":{\"@id\":\"https:\\\/\\\/thenewpostoffice.is\\\/is\\\/hotel-vestmannaeyjar\\\/#primaryimage\"},\"image\":{\"@id\":\"https:\\\/\\\/thenewpostoffice.is\\\/is\\\/hotel-vestmannaeyjar\\\/#primaryimage\"},\"thumbnailUrl\":\"https:\\\/\\\/thenewpostoffice.is\\\/wp-content\\\/uploads\\\/2021\\\/11\\\/westman4-1-768x512.jpg\",\"datePublished\":\"2022-01-22T14:27:32+00:00\",\"dateModified\":\"2022-06-01T21:53:36+00:00\",\"breadcrumb\":{\"@id\":\"https:\\\/\\\/thenewpostoffice.is\\\/is\\\/hotel-vestmannaeyjar\\\/#breadcrumb\"},\"inLanguage\":\"is\",\"potentialAction\":[{\"@type\":\"ReadAction\",\"target\":[\"https:\\\/\\\/thenewpostoffice.is\\\/is\\\/hotel-vestmannaeyjar\\\/\"]}]},{\"@type\":\"ImageObject\",\"inLanguage\":\"is\",\"@id\":\"https:\\\/\\\/thenewpostoffice.is\\\/is\\\/hotel-vestmannaeyjar\\\/#primaryimage\",\"url\":\"https:\\\/\\\/thenewpostoffice.is\\\/wp-content\\\/uploads\\\/2021\\\/11\\\/westman4-1-768x512.jpg\",\"contentUrl\":\"https:\\\/\\\/thenewpostoffice.is\\\/wp-content\\\/uploads\\\/2021\\\/11\\\/westman4-1-768x512.jpg\"},{\"@type\":\"BreadcrumbList\",\"@id\":\"https:\\\/\\\/thenewpostoffice.is\\\/is\\\/hotel-vestmannaeyjar\\\/#breadcrumb\",\"itemListElement\":[{\"@type\":\"ListItem\",\"position\":1,\"name\":\"Home\",\"item\":\"https:\\\/\\\/thenewpostoffice.is\\\/\"},{\"@type\":\"ListItem\",\"position\":2,\"name\":\"Gisting \u00ed Vestmannaeyjum\"}]},{\"@type\":\"WebSite\",\"@id\":\"https:\\\/\\\/thenewpostoffice.is\\\/#website\",\"url\":\"https:\\\/\\\/thenewpostoffice.is\\\/\",\"name\":\"The New Post Office\",\"description\":\"Mail Rooms\",\"potentialAction\":[{\"@type\":\"SearchAction\",\"target\":{\"@type\":\"EntryPoint\",\"urlTemplate\":\"https:\\\/\\\/thenewpostoffice.is\\\/?s={search_term_string}\"},\"query-input\":{\"@type\":\"PropertyValueSpecification\",\"valueRequired\":true,\"valueName\":\"search_term_string\"}}],\"inLanguage\":\"is\"}]}<\/script>\n<!-- \/ Yoast SEO plugin. -->","yoast_head_json":{"title":"Gisting \u00ed Vestmannaeyjum - The New Post Office","robots":{"index":"index","follow":"follow","max-snippet":"max-snippet:-1","max-image-preview":"max-image-preview:large","max-video-preview":"max-video-preview:-1"},"canonical":"https:\/\/thenewpostoffice.is\/is\/hotel-vestmannaeyjar\/","og_locale":"is_IS","og_type":"article","og_title":"Gisting \u00ed Vestmannaeyjum - The New Post Office","og_description":"Gisting \u00ed Vestmannaeyjum Ertu a\u00f0 leita a\u00f0 h\u00f3teli, \u00edb\u00fa\u00f0 e\u00f0a gistingu \u00ed Vestmannaeyjum? N\u00fdja P\u00f3sth\u00fasi\u00f0 er upplagt fyrir einstaklinga, p\u00f6r, fj\u00f6lskyldur, barnaf\u00f3lk, vini og vandamenn. N\u00fdja P\u00f3sth\u00fasi\u00f0 er \u00edb\u00fa\u00f0ah\u00f3tel me\u00f0 17 fullb\u00fanum \u00edb\u00fa\u00f0um 28-38 fermetrum a\u00f0 st\u00e6r\u00f0. Vi\u00f0 erum sta\u00f0sett \u00e1 Vestmannabraut \u00ed hjarta b\u00e6jarins. \u00dea\u00f0 eru n\u00e6g b\u00edlast\u00e6\u00f0i vi\u00f0 \u00edb\u00fa\u00f0ah\u00f3teli\u00f0 en stutt er \u00ed [&hellip;]","og_url":"https:\/\/thenewpostoffice.is\/is\/hotel-vestmannaeyjar\/","og_site_name":"The New Post Office","article_modified_time":"2022-06-01T21:53:36+00:00","og_image":[{"url":"https:\/\/thenewpostoffice.is\/wp-content\/uploads\/2021\/11\/westman4-1-768x512.jpg","type":"","width":"","height":""}],"twitter_card":"summary_large_image","twitter_misc":{"Est. reading time":"2 minutes"},"schema":{"@context":"https:\/\/schema.org","@graph":[{"@type":"WebPage","@id":"https:\/\/thenewpostoffice.is\/is\/hotel-vestmannaeyjar\/","url":"https:\/\/thenewpostoffice.is\/is\/hotel-vestmannaeyjar\/","name":"Gisting \u00ed Vestmannaeyjum - The New Post Office","isPartOf":{"@id":"https:\/\/thenewpostoffice.is\/#website"},"primaryImageOfPage":{"@id":"https:\/\/thenewpostoffice.is\/is\/hotel-vestmannaeyjar\/#primaryimage"},"image":{"@id":"https:\/\/thenewpostoffice.is\/is\/hotel-vestmannaeyjar\/#primaryimage"},"thumbnailUrl":"https:\/\/thenewpostoffice.is\/wp-content\/uploads\/2021\/11\/westman4-1-768x512.jpg","datePublished":"2022-01-22T14:27:32+00:00","dateModified":"2022-06-01T21:53:36+00:00","breadcrumb":{"@id":"https:\/\/thenewpostoffice.is\/is\/hotel-vestmannaeyjar\/#breadcrumb"},"inLanguage":"is","potentialAction":[{"@type":"ReadAction","target":["https:\/\/thenewpostoffice.is\/is\/hotel-vestmannaeyjar\/"]}]},{"@type":"ImageObject","inLanguage":"is","@id":"https:\/\/thenewpostoffice.is\/is\/hotel-vestmannaeyjar\/#primaryimage","url":"https:\/\/thenewpostoffice.is\/wp-content\/uploads\/2021\/11\/westman4-1-768x512.jpg","contentUrl":"https:\/\/thenewpostoffice.is\/wp-content\/uploads\/2021\/11\/westman4-1-768x512.jpg"},{"@type":"BreadcrumbList","@id":"https:\/\/thenewpostoffice.is\/is\/hotel-vestmannaeyjar\/#breadcrumb","itemListElement":[{"@type":"ListItem","position":1,"name":"Home","item":"https:\/\/thenewpostoffice.is\/"},{"@type":"ListItem","position":2,"name":"Gisting \u00ed Vestmannaeyjum"}]},{"@type":"WebSite","@id":"https:\/\/thenewpostoffice.is\/#website","url":"https:\/\/thenewpostoffice.is\/","name":"The New Post Office","description":"Mail Rooms","potentialAction":[{"@type":"SearchAction","target":{"@type":"EntryPoint","urlTemplate":"https:\/\/thenewpostoffice.is\/?s={search_term_string}"},"query-input":{"@type":"PropertyValueSpecification","valueRequired":true,"valueName":"search_term_string"}}],"inLanguage":"is"}]}},"_links":{"self":[{"href":"https:\/\/thenewpostoffice.is\/is\/wp-json\/wp\/v2\/pages\/1063","targetHints":{"allow":["GET"]}}],"collection":[{"href":"https:\/\/thenewpostoffice.is\/is\/wp-json\/wp\/v2\/pages"}],"about":[{"href":"https:\/\/thenewpostoffice.is\/is\/wp-json\/wp\/v2\/types\/page"}],"author":[{"embeddable":true,"href":"https:\/\/thenewpostoffice.is\/is\/wp-json\/wp\/v2\/users\/4"}],"replies":[{"embeddable":true,"href":"https:\/\/thenewpostoffice.is\/is\/wp-json\/wp\/v2\/comments?post=1063"}],"version-history":[{"count":0,"href":"https:\/\/thenewpostoffice.is\/is\/wp-json\/wp\/v2\/pages\/1063\/revisions"}],"wp:attachment":[{"href":"https:\/\/thenewpostoffice.is\/is\/wp-json\/wp\/v2\/media?parent=1063"}],"curies":[{"name":"wp","href":"https:\/\/api.w.org\/{rel}","templated":true}]}}