{"id":572,"date":"2021-10-13T06:26:02","date_gmt":"2021-10-13T06:26:02","guid":{"rendered":"https:\/\/0eaa2a1151.nxcli.io\/um-gamla-posthusid\/"},"modified":"2023-11-02T13:59:18","modified_gmt":"2023-11-02T13:59:18","slug":"um-gamla-posthusid","status":"publish","type":"page","link":"https:\/\/thenewpostoffice.is\/is\/um-gamla-posthusid\/","title":{"rendered":"Um N\u00fdja P\u00f3sth\u00fasi\u00f0"},"content":{"rendered":"\t\t<div data-elementor-type=\"wp-page\" data-elementor-id=\"572\" class=\"elementor elementor-572 elementor-396\" data-elementor-post-type=\"page\">\n\t\t\t\t\t\t<section class=\"elementor-section elementor-top-section elementor-element elementor-element-4efcd137 elementor-section-height-min-height elementor-section-boxed elementor-section-height-default elementor-section-items-middle\" data-id=\"4efcd137\" data-element_type=\"section\" data-e-type=\"section\" data-settings=\"{&quot;background_background&quot;:&quot;classic&quot;}\">\n\t\t\t\t\t\t<div class=\"elementor-container elementor-column-gap-default\">\n\t\t\t\t\t<div class=\"elementor-column elementor-col-100 elementor-top-column elementor-element elementor-element-5db5caca animated-slow elementor-invisible\" data-id=\"5db5caca\" data-element_type=\"column\" data-e-type=\"column\" data-settings=\"{&quot;animation&quot;:&quot;zoomIn&quot;,&quot;animation_delay&quot;:2000}\">\n\t\t\t<div class=\"elementor-widget-wrap\">\n\t\t\t\t\t\t\t<\/div>\n\t\t<\/div>\n\t\t\t\t\t<\/div>\n\t\t<\/section>\n\t\t\t\t<section class=\"elementor-section elementor-top-section elementor-element elementor-element-118db894 elementor-section-boxed elementor-section-height-default elementor-section-height-default\" data-id=\"118db894\" data-element_type=\"section\" data-e-type=\"section\">\n\t\t\t\t\t\t<div class=\"elementor-container elementor-column-gap-default\">\n\t\t\t\t\t<div class=\"elementor-column elementor-col-100 elementor-top-column elementor-element elementor-element-3fd3670e\" data-id=\"3fd3670e\" data-element_type=\"column\" data-e-type=\"column\">\n\t\t\t<div class=\"elementor-widget-wrap elementor-element-populated\">\n\t\t\t\t\t\t<section class=\"elementor-section elementor-inner-section elementor-element elementor-element-550f41d2 elementor-section-height-min-height elementor-section-boxed elementor-section-height-default\" data-id=\"550f41d2\" data-element_type=\"section\" data-e-type=\"section\">\n\t\t\t\t\t\t<div class=\"elementor-container elementor-column-gap-default\">\n\t\t\t\t\t<div class=\"elementor-column elementor-col-50 elementor-inner-column elementor-element elementor-element-6d299e6d\" data-id=\"6d299e6d\" data-element_type=\"column\" data-e-type=\"column\" data-settings=\"{&quot;background_background&quot;:&quot;classic&quot;}\">\n\t\t\t<div class=\"elementor-widget-wrap elementor-element-populated\">\n\t\t\t\t\t\t<div class=\"elementor-element elementor-element-73d48760 elementor-mobile-align-center elementor-icon-list--layout-traditional elementor-list-item-link-full_width elementor-widget elementor-widget-icon-list\" data-id=\"73d48760\" data-element_type=\"widget\" data-e-type=\"widget\" data-widget_type=\"icon-list.default\">\n\t\t\t\t<div class=\"elementor-widget-container\">\n\t\t\t\t\t\t\t<ul class=\"elementor-icon-list-items\">\n\t\t\t\t\t\t\t<li class=\"elementor-icon-list-item\">\n\t\t\t\t\t\t\t\t\t\t\t<a href=\"https:\/\/property.godo.is\/booking.php?propid=211457&#038;invoicee=31803&#038;referer=Website\">\n\n\t\t\t\t\t\t\t\t\t\t\t<span class=\"elementor-icon-list-text\">B\u00f3ka n\u00fana<\/span>\n\t\t\t\t\t\t\t\t\t\t\t<\/a>\n\t\t\t\t\t\t\t\t\t<\/li>\n\t\t\t\t\t\t\t\t<li class=\"elementor-icon-list-item\">\n\t\t\t\t\t\t\t\t\t\t\t<a href=\"https:\/\/thenewpostoffice.is\/is\/myndir\/\">\n\n\t\t\t\t\t\t\t\t\t\t\t<span class=\"elementor-icon-list-text\">Myndir<\/span>\n\t\t\t\t\t\t\t\t\t\t\t<\/a>\n\t\t\t\t\t\t\t\t\t<\/li>\n\t\t\t\t\t\t\t\t<li class=\"elementor-icon-list-item\">\n\t\t\t\t\t\t\t\t\t\t\t<a href=\"https:\/\/thenewpostoffice.is\/is\/hvernig-kemst-eg-til-vestmannaeyja\/\">\n\n\t\t\t\t\t\t\t\t\t\t\t<span class=\"elementor-icon-list-text\">Hvernig kemst \u00e9g til Vestmannaeyja?<\/span>\n\t\t\t\t\t\t\t\t\t\t\t<\/a>\n\t\t\t\t\t\t\t\t\t<\/li>\n\t\t\t\t\t\t\t\t<li class=\"elementor-icon-list-item\">\n\t\t\t\t\t\t\t\t\t\t\t<a href=\"https:\/\/thenewpostoffice.is\/contact\/\">\n\n\t\t\t\t\t\t\t\t\t\t\t<span class=\"elementor-icon-list-text\">Haf\u00f0u samband<\/span>\n\t\t\t\t\t\t\t\t\t\t\t<\/a>\n\t\t\t\t\t\t\t\t\t<\/li>\n\t\t\t\t\t\t<\/ul>\n\t\t\t\t\t\t<\/div>\n\t\t\t\t<\/div>\n\t\t\t\t\t<\/div>\n\t\t<\/div>\n\t\t\t\t<div class=\"elementor-column elementor-col-50 elementor-inner-column elementor-element elementor-element-7f4fed15\" data-id=\"7f4fed15\" data-element_type=\"column\" data-e-type=\"column\" data-settings=\"{&quot;background_background&quot;:&quot;classic&quot;}\">\n\t\t\t<div class=\"elementor-widget-wrap elementor-element-populated\">\n\t\t\t\t\t\t<div class=\"elementor-element elementor-element-1340cdd9 elementor-widget elementor-widget-text-editor\" data-id=\"1340cdd9\" data-element_type=\"widget\" data-e-type=\"widget\" data-widget_type=\"text-editor.default\">\n\t\t\t\t<div class=\"elementor-widget-container\">\n\t\t\t\t\t\t\t\t\t<p><strong>Saga h\u00fassins<\/strong><br \/>H\u00fasi\u00f0 var byggt \u00e1ri\u00f0 1911 og var a\u00f0al s\u00edmst\u00f6\u00f0 Vestmannaeyja til \u00e1rsins 1950 en \u00fe\u00e1 var \u00fev\u00ed breytt \u00ed p\u00f3sth\u00fas Vestmannaeyja. Flestir Eyjamenn \u00feekkja h\u00fasi\u00f0 sem \u201eGamla P\u00f3sth\u00fasi\u00f0\u201c svo \u00feegar vi\u00f0 eignu\u00f0umst h\u00fasi\u00f0 \u00fe\u00f3tti okkur erfitt a\u00f0 breyta nafni \u00feess miki\u00f0, N\u00fdja P\u00f3sth\u00fasi\u00f0 var\u00f0 fyrir valinu og er \u00fev\u00ed t\u00e1kn um n\u00fdja t\u00edma \u00ed h\u00fasinu en um lei\u00f0 var\u00f0veitum vi\u00f0 s\u00f6guna um fornfr\u00e6gt h\u00fas h\u00e9r \u00ed b\u00e6num.<\/p><p>Breytingarnar \u00e1 h\u00fasinu gengu hratt og vel fyrir sig enda var h\u00f3pur af fagm\u00f6nnum sem kom a\u00f0 verkinu. Okkar markmi\u00f0 var ekki bara a\u00f0 gera gl\u00e6silegt \u00edb\u00fa\u00f0ah\u00f3tel heldur skapa einstaka upplifun fyrir gesti okkar og gera dv\u00f6l \u00feeirra\u00a0 notalega.<\/p><p><strong>\u00cdb\u00fa\u00f0ah\u00f3teli\u00f0<\/strong><br \/>\u00cdb\u00fa\u00f0irnar \u00ed N\u00fdja P\u00f3sth\u00fasinu eru fullb\u00fanar 28 til 38 fermetrar a\u00f0 st\u00e6r\u00f0. \u00cd \u00f6llum \u00edb\u00fa\u00f0um er s\u00e9r ba\u00f0herbergi, fullb\u00fai\u00f0 eldh\u00fas, eldh\u00fasbor\u00f0, stofa og svalir. \u00cd \u00edb\u00fa\u00f0unum eru anna\u00f0 hvort tv\u00edbrei\u00f0 r\u00fam e\u00f0a tv\u00f6 einbrei\u00f0 r\u00fam \u00e1samt svefns\u00f3fa \u00ed stofunni. \u00cd stofunni er l\u00edka snjallsj\u00f3nvarp me\u00f0 a\u00f0gang a\u00f0 Netflix. Vi\u00f0 bj\u00f3\u00f0um gestum okkar a\u00f0 sj\u00e1lfs\u00f6g\u00f0u upp \u00e1 fr\u00edtt WiFi.<\/p><p>\u00cd N\u00fdja P\u00f3sth\u00fasinu hafa gestir okkar a\u00f0gang a\u00f0 sameiginlegu r\u00fdmi \u00fear sem er setustofa og klakav\u00e9l, a\u00f0gangur a\u00f0 geymslu \u00fear sem t.d. er h\u00e6gt a\u00f0 geyma hj\u00f3l e\u00f0a golfsett, og svo bj\u00f3\u00f0um vi\u00f0 upp \u00e1 st\u00e6rsta s\u00f3lpall Vestmannaeyja.<\/p><p><strong>Vestmannaeyjar<\/strong><br \/>Vestmannaeyjar eru eyjaklasi sy\u00f0st \u00e1 \u00cdslandi sem samanstendur af 16 eyjum. St\u00e6rsta eyjan er Heimaey en \u00fear b\u00faa um \u00fea\u00f0 bil 4300 manns. Vestmannaeyjar er r\u00edk af s\u00f6gu, allt fr\u00e1 Tyrkjar\u00e1ninu \u00e1ri\u00f0 1627 til eldgossins 1973 og er eyjan fr\u00e1b\u00e6r upplifun fyrir alla fj\u00f6lskylduna. Miki\u00f0 fuglal\u00edf er \u00ed Vestmannaeyjum og st\u00f3r hluti lunda \u00e1 \u00cdslandi heldur til \u00ed Eyjum. \u00cd Eyjum m\u00e1 einnig finna einn fallegasta golfv\u00f6ll landsins, fr\u00e1b\u00e6rar g\u00f6ngu- og hlaupalei\u00f0ir, s\u00f6fn, skemmtilega matarmenningu og svo margt fleira!<br \/><br \/>\u00c1rlega eru st\u00f3rir vi\u00f0bur\u00f0ir \u00ed Eyjum, sj\u00e1 meira um <a href=\"https:\/\/thenewpostoffice.is\/is\/hotel-vestmannaeyjar\/\">gistingu \u00ed Vestmannaeyjum.<\/a><\/p>\t\t\t\t\t\t\t\t<\/div>\n\t\t\t\t<\/div>\n\t\t\t\t\t<\/div>\n\t\t<\/div>\n\t\t\t\t\t<\/div>\n\t\t<\/section>\n\t\t\t\t\t<\/div>\n\t\t<\/div>\n\t\t\t\t\t<\/div>\n\t\t<\/section>\n\t\t\t\t<section class=\"elementor-section elementor-top-section elementor-element elementor-element-5d70b0b elementor-section-boxed elementor-section-height-default elementor-section-height-default\" data-id=\"5d70b0b\" data-element_type=\"section\" data-e-type=\"section\">\n\t\t\t\t\t\t<div class=\"elementor-container elementor-column-gap-default\">\n\t\t\t\t\t<div class=\"elementor-column elementor-col-100 elementor-top-column elementor-element elementor-element-1d20130\" data-id=\"1d20130\" data-element_type=\"column\" data-e-type=\"column\">\n\t\t\t<div class=\"elementor-widget-wrap elementor-element-populated\">\n\t\t\t\t\t\t<div class=\"elementor-element elementor-element-6cdd1a5 elementor-widget elementor-widget-image\" data-id=\"6cdd1a5\" data-element_type=\"widget\" data-e-type=\"widget\" data-widget_type=\"image.default\">\n\t\t\t\t<div class=\"elementor-widget-container\">\n\t\t\t\t\t\t\t\t\t\t\t\t\t\t\t<img decoding=\"async\" src=\"https:\/\/thenewpostoffice.is\/wp-content\/uploads\/2021\/10\/GSS_0984-Edit.jpg\" title=\"\" alt=\"\" loading=\"lazy\" \/>\t\t\t\t\t\t\t\t\t\t\t\t\t\t\t<\/div>\n\t\t\t\t<\/div>\n\t\t\t\t\t<\/div>\n\t\t<\/div>\n\t\t\t\t\t<\/div>\n\t\t<\/section>\n\t\t\t\t<section class=\"elementor-section elementor-top-section elementor-element elementor-element-011790a elementor-section-boxed elementor-section-height-default elementor-section-height-default\" data-id=\"011790a\" data-element_type=\"section\" data-e-type=\"section\">\n\t\t\t\t\t\t<div class=\"elementor-container elementor-column-gap-default\">\n\t\t\t\t\t<div class=\"elementor-column elementor-col-100 elementor-top-column elementor-element elementor-element-943be7a\" data-id=\"943be7a\" data-element_type=\"column\" data-e-type=\"column\">\n\t\t\t<div class=\"elementor-widget-wrap elementor-element-populated\">\n\t\t\t\t\t\t<div class=\"elementor-element elementor-element-e1881ae elementor-align-center elementor-widget elementor-widget-button\" data-id=\"e1881ae\" data-element_type=\"widget\" data-e-type=\"widget\" data-widget_type=\"button.default\">\n\t\t\t\t<div class=\"elementor-widget-container\">\n\t\t\t\t\t\t\t\t\t<div class=\"elementor-button-wrapper\">\n\t\t\t\t\t<a class=\"elementor-button elementor-button-link elementor-size-md\" href=\"https:\/\/thenewpostoffice.is\/is\/boka-nuna\/\">\n\t\t\t\t\t\t<span class=\"elementor-button-content-wrapper\">\n\t\t\t\t\t\t\t\t\t<span class=\"elementor-button-text\">B\u00d3KA N\u00daNA<\/span>\n\t\t\t\t\t<\/span>\n\t\t\t\t\t<\/a>\n\t\t\t\t<\/div>\n\t\t\t\t\t\t\t\t<\/div>\n\t\t\t\t<\/div>\n\t\t\t\t\t<\/div>\n\t\t<\/div>\n\t\t\t\t\t<\/div>\n\t\t<\/section>\n\t\t\t\t<\/div>\n\t\t","protected":false},"excerpt":{"rendered":"<p>B\u00f3ka n\u00fana Myndir Hvernig kemst \u00e9g til Vestmannaeyja? Haf\u00f0u samband Saga h\u00fassinsH\u00fasi\u00f0 var byggt \u00e1ri\u00f0 1911 og var a\u00f0al s\u00edmst\u00f6\u00f0 Vestmannaeyja til \u00e1rsins 1950 en \u00fe\u00e1 var \u00fev\u00ed breytt \u00ed p\u00f3sth\u00fas Vestmannaeyja. Flestir Eyjamenn \u00feekkja h\u00fasi\u00f0 sem \u201eGamla P\u00f3sth\u00fasi\u00f0\u201c svo \u00feegar vi\u00f0 eignu\u00f0umst h\u00fasi\u00f0 \u00fe\u00f3tti okkur erfitt a\u00f0 breyta nafni \u00feess miki\u00f0, N\u00fdja P\u00f3sth\u00fasi\u00f0 var\u00f0 [&hellip;]<\/p>\n","protected":false},"author":1,"featured_media":0,"parent":0,"menu_order":0,"comment_status":"closed","ping_status":"closed","template":"","meta":{"footnotes":""},"class_list":["post-572","page","type-page","status-publish","hentry"],"yoast_head":"<!-- This site is optimized with the Yoast SEO plugin v27.4 - https:\/\/yoast.com\/product\/yoast-seo-wordpress\/ -->\n<title>Um N\u00fdja P\u00f3sth\u00fasi\u00f0 - The New Post Office<\/title>\n<meta name=\"robots\" content=\"index, follow, max-snippet:-1, max-image-preview:large, max-video-preview:-1\" \/>\n<link rel=\"canonical\" href=\"https:\/\/thenewpostoffice.is\/about-the-new-post-office\/\" \/>\n<meta property=\"og:locale\" content=\"is_IS\" \/>\n<meta property=\"og:type\" content=\"article\" \/>\n<meta property=\"og:title\" content=\"Um N\u00fdja P\u00f3sth\u00fasi\u00f0 - The New Post Office\" \/>\n<meta property=\"og:description\" content=\"B\u00f3ka n\u00fana Myndir Hvernig kemst \u00e9g til Vestmannaeyja? Haf\u00f0u samband Saga h\u00fassinsH\u00fasi\u00f0 var byggt \u00e1ri\u00f0 1911 og var a\u00f0al s\u00edmst\u00f6\u00f0 Vestmannaeyja til \u00e1rsins 1950 en \u00fe\u00e1 var \u00fev\u00ed breytt \u00ed p\u00f3sth\u00fas Vestmannaeyja. Flestir Eyjamenn \u00feekkja h\u00fasi\u00f0 sem \u201eGamla P\u00f3sth\u00fasi\u00f0\u201c svo \u00feegar vi\u00f0 eignu\u00f0umst h\u00fasi\u00f0 \u00fe\u00f3tti okkur erfitt a\u00f0 breyta nafni \u00feess miki\u00f0, N\u00fdja P\u00f3sth\u00fasi\u00f0 var\u00f0 [&hellip;]\" \/>\n<meta property=\"og:url\" content=\"https:\/\/thenewpostoffice.is\/about-the-new-post-office\/\" \/>\n<meta property=\"og:site_name\" content=\"The New Post Office\" \/>\n<meta property=\"article:modified_time\" content=\"2023-11-02T13:59:18+00:00\" \/>\n<meta property=\"og:image\" content=\"https:\/\/thenewpostoffice.is\/wp-content\/uploads\/2021\/10\/GSS_0984-Edit.jpg\" \/>\n<meta name=\"twitter:card\" content=\"summary_large_image\" \/>\n<meta name=\"twitter:label1\" content=\"Est. reading time\" \/>\n\t<meta name=\"twitter:data1\" content=\"2 minutes\" \/>\n<script type=\"application\/ld+json\" class=\"yoast-schema-graph\">{\"@context\":\"https:\\\/\\\/schema.org\",\"@graph\":[{\"@type\":\"WebPage\",\"@id\":\"https:\\\/\\\/thenewpostoffice.is\\\/about-the-new-post-office\\\/\",\"url\":\"https:\\\/\\\/thenewpostoffice.is\\\/about-the-new-post-office\\\/\",\"name\":\"Um N\u00fdja P\u00f3sth\u00fasi\u00f0 - The New Post Office\",\"isPartOf\":{\"@id\":\"https:\\\/\\\/thenewpostoffice.is\\\/#website\"},\"primaryImageOfPage\":{\"@id\":\"https:\\\/\\\/thenewpostoffice.is\\\/about-the-new-post-office\\\/#primaryimage\"},\"image\":{\"@id\":\"https:\\\/\\\/thenewpostoffice.is\\\/about-the-new-post-office\\\/#primaryimage\"},\"thumbnailUrl\":\"https:\\\/\\\/thenewpostoffice.is\\\/wp-content\\\/uploads\\\/2021\\\/10\\\/GSS_0984-Edit.jpg\",\"datePublished\":\"2021-10-13T06:26:02+00:00\",\"dateModified\":\"2023-11-02T13:59:18+00:00\",\"breadcrumb\":{\"@id\":\"https:\\\/\\\/thenewpostoffice.is\\\/about-the-new-post-office\\\/#breadcrumb\"},\"inLanguage\":\"is\",\"potentialAction\":[{\"@type\":\"ReadAction\",\"target\":[\"https:\\\/\\\/thenewpostoffice.is\\\/about-the-new-post-office\\\/\"]}]},{\"@type\":\"ImageObject\",\"inLanguage\":\"is\",\"@id\":\"https:\\\/\\\/thenewpostoffice.is\\\/about-the-new-post-office\\\/#primaryimage\",\"url\":\"https:\\\/\\\/thenewpostoffice.is\\\/wp-content\\\/uploads\\\/2021\\\/10\\\/GSS_0984-Edit.jpg\",\"contentUrl\":\"https:\\\/\\\/thenewpostoffice.is\\\/wp-content\\\/uploads\\\/2021\\\/10\\\/GSS_0984-Edit.jpg\"},{\"@type\":\"BreadcrumbList\",\"@id\":\"https:\\\/\\\/thenewpostoffice.is\\\/about-the-new-post-office\\\/#breadcrumb\",\"itemListElement\":[{\"@type\":\"ListItem\",\"position\":1,\"name\":\"Home\",\"item\":\"https:\\\/\\\/thenewpostoffice.is\\\/\"},{\"@type\":\"ListItem\",\"position\":2,\"name\":\"Um N\u00fdja P\u00f3sth\u00fasi\u00f0\"}]},{\"@type\":\"WebSite\",\"@id\":\"https:\\\/\\\/thenewpostoffice.is\\\/#website\",\"url\":\"https:\\\/\\\/thenewpostoffice.is\\\/\",\"name\":\"The New Post Office\",\"description\":\"Mail Rooms\",\"potentialAction\":[{\"@type\":\"SearchAction\",\"target\":{\"@type\":\"EntryPoint\",\"urlTemplate\":\"https:\\\/\\\/thenewpostoffice.is\\\/?s={search_term_string}\"},\"query-input\":{\"@type\":\"PropertyValueSpecification\",\"valueRequired\":true,\"valueName\":\"search_term_string\"}}],\"inLanguage\":\"is\"}]}<\/script>\n<!-- \/ Yoast SEO plugin. -->","yoast_head_json":{"title":"Um N\u00fdja P\u00f3sth\u00fasi\u00f0 - The New Post Office","robots":{"index":"index","follow":"follow","max-snippet":"max-snippet:-1","max-image-preview":"max-image-preview:large","max-video-preview":"max-video-preview:-1"},"canonical":"https:\/\/thenewpostoffice.is\/about-the-new-post-office\/","og_locale":"is_IS","og_type":"article","og_title":"Um N\u00fdja P\u00f3sth\u00fasi\u00f0 - The New Post Office","og_description":"B\u00f3ka n\u00fana Myndir Hvernig kemst \u00e9g til Vestmannaeyja? Haf\u00f0u samband Saga h\u00fassinsH\u00fasi\u00f0 var byggt \u00e1ri\u00f0 1911 og var a\u00f0al s\u00edmst\u00f6\u00f0 Vestmannaeyja til \u00e1rsins 1950 en \u00fe\u00e1 var \u00fev\u00ed breytt \u00ed p\u00f3sth\u00fas Vestmannaeyja. Flestir Eyjamenn \u00feekkja h\u00fasi\u00f0 sem \u201eGamla P\u00f3sth\u00fasi\u00f0\u201c svo \u00feegar vi\u00f0 eignu\u00f0umst h\u00fasi\u00f0 \u00fe\u00f3tti okkur erfitt a\u00f0 breyta nafni \u00feess miki\u00f0, N\u00fdja P\u00f3sth\u00fasi\u00f0 var\u00f0 [&hellip;]","og_url":"https:\/\/thenewpostoffice.is\/about-the-new-post-office\/","og_site_name":"The New Post Office","article_modified_time":"2023-11-02T13:59:18+00:00","og_image":[{"url":"https:\/\/thenewpostoffice.is\/wp-content\/uploads\/2021\/10\/GSS_0984-Edit.jpg","type":"","width":"","height":""}],"twitter_card":"summary_large_image","twitter_misc":{"Est. reading time":"2 minutes"},"schema":{"@context":"https:\/\/schema.org","@graph":[{"@type":"WebPage","@id":"https:\/\/thenewpostoffice.is\/about-the-new-post-office\/","url":"https:\/\/thenewpostoffice.is\/about-the-new-post-office\/","name":"Um N\u00fdja P\u00f3sth\u00fasi\u00f0 - The New Post Office","isPartOf":{"@id":"https:\/\/thenewpostoffice.is\/#website"},"primaryImageOfPage":{"@id":"https:\/\/thenewpostoffice.is\/about-the-new-post-office\/#primaryimage"},"image":{"@id":"https:\/\/thenewpostoffice.is\/about-the-new-post-office\/#primaryimage"},"thumbnailUrl":"https:\/\/thenewpostoffice.is\/wp-content\/uploads\/2021\/10\/GSS_0984-Edit.jpg","datePublished":"2021-10-13T06:26:02+00:00","dateModified":"2023-11-02T13:59:18+00:00","breadcrumb":{"@id":"https:\/\/thenewpostoffice.is\/about-the-new-post-office\/#breadcrumb"},"inLanguage":"is","potentialAction":[{"@type":"ReadAction","target":["https:\/\/thenewpostoffice.is\/about-the-new-post-office\/"]}]},{"@type":"ImageObject","inLanguage":"is","@id":"https:\/\/thenewpostoffice.is\/about-the-new-post-office\/#primaryimage","url":"https:\/\/thenewpostoffice.is\/wp-content\/uploads\/2021\/10\/GSS_0984-Edit.jpg","contentUrl":"https:\/\/thenewpostoffice.is\/wp-content\/uploads\/2021\/10\/GSS_0984-Edit.jpg"},{"@type":"BreadcrumbList","@id":"https:\/\/thenewpostoffice.is\/about-the-new-post-office\/#breadcrumb","itemListElement":[{"@type":"ListItem","position":1,"name":"Home","item":"https:\/\/thenewpostoffice.is\/"},{"@type":"ListItem","position":2,"name":"Um N\u00fdja P\u00f3sth\u00fasi\u00f0"}]},{"@type":"WebSite","@id":"https:\/\/thenewpostoffice.is\/#website","url":"https:\/\/thenewpostoffice.is\/","name":"The New Post Office","description":"Mail Rooms","potentialAction":[{"@type":"SearchAction","target":{"@type":"EntryPoint","urlTemplate":"https:\/\/thenewpostoffice.is\/?s={search_term_string}"},"query-input":{"@type":"PropertyValueSpecification","valueRequired":true,"valueName":"search_term_string"}}],"inLanguage":"is"}]}},"_links":{"self":[{"href":"https:\/\/thenewpostoffice.is\/is\/wp-json\/wp\/v2\/pages\/572","targetHints":{"allow":["GET"]}}],"collection":[{"href":"https:\/\/thenewpostoffice.is\/is\/wp-json\/wp\/v2\/pages"}],"about":[{"href":"https:\/\/thenewpostoffice.is\/is\/wp-json\/wp\/v2\/types\/page"}],"author":[{"embeddable":true,"href":"https:\/\/thenewpostoffice.is\/is\/wp-json\/wp\/v2\/users\/1"}],"replies":[{"embeddable":true,"href":"https:\/\/thenewpostoffice.is\/is\/wp-json\/wp\/v2\/comments?post=572"}],"version-history":[{"count":0,"href":"https:\/\/thenewpostoffice.is\/is\/wp-json\/wp\/v2\/pages\/572\/revisions"}],"wp:attachment":[{"href":"https:\/\/thenewpostoffice.is\/is\/wp-json\/wp\/v2\/media?parent=572"}],"curies":[{"name":"wp","href":"https:\/\/api.w.org\/{rel}","templated":true}]}}