{"id":574,"date":"2021-10-13T06:32:34","date_gmt":"2021-10-13T06:32:34","guid":{"rendered":"https:\/\/0eaa2a1151.nxcli.io\/hafdu-samband\/"},"modified":"2023-11-02T14:22:50","modified_gmt":"2023-11-02T14:22:50","slug":"hafdu-samband","status":"publish","type":"page","link":"https:\/\/thenewpostoffice.is\/is\/hafdu-samband\/","title":{"rendered":"Haf\u00f0u samband"},"content":{"rendered":"\t\t<div data-elementor-type=\"wp-page\" data-elementor-id=\"574\" class=\"elementor elementor-574 elementor-253\" data-elementor-post-type=\"page\">\n\t\t\t\t\t\t<section class=\"elementor-section elementor-top-section elementor-element elementor-element-7ac6d46a elementor-section-height-min-height elementor-section-boxed elementor-section-height-default elementor-section-items-middle\" data-id=\"7ac6d46a\" data-element_type=\"section\" data-e-type=\"section\" data-settings=\"{&quot;background_background&quot;:&quot;classic&quot;}\">\n\t\t\t\t\t\t<div class=\"elementor-container elementor-column-gap-default\">\n\t\t\t\t\t<div class=\"elementor-column elementor-col-100 elementor-top-column elementor-element elementor-element-5925c9d9 animated-slow elementor-invisible\" data-id=\"5925c9d9\" data-element_type=\"column\" data-e-type=\"column\" data-settings=\"{&quot;animation&quot;:&quot;zoomIn&quot;,&quot;animation_delay&quot;:2000}\">\n\t\t\t<div class=\"elementor-widget-wrap\">\n\t\t\t\t\t\t\t<\/div>\n\t\t<\/div>\n\t\t\t\t\t<\/div>\n\t\t<\/section>\n\t\t\t\t<section class=\"elementor-section elementor-top-section elementor-element elementor-element-5d5542ec elementor-section-boxed elementor-section-height-default elementor-section-height-default\" data-id=\"5d5542ec\" data-element_type=\"section\" data-e-type=\"section\">\n\t\t\t\t\t\t<div class=\"elementor-container elementor-column-gap-default\">\n\t\t\t\t\t<div class=\"elementor-column elementor-col-100 elementor-top-column elementor-element elementor-element-478ce7e2\" data-id=\"478ce7e2\" data-element_type=\"column\" data-e-type=\"column\">\n\t\t\t<div class=\"elementor-widget-wrap elementor-element-populated\">\n\t\t\t\t\t\t<section class=\"elementor-section elementor-inner-section elementor-element elementor-element-1c22a52b elementor-section-boxed elementor-section-height-default elementor-section-height-default\" data-id=\"1c22a52b\" data-element_type=\"section\" data-e-type=\"section\">\n\t\t\t\t\t\t<div class=\"elementor-container elementor-column-gap-default\">\n\t\t\t\t\t<div class=\"elementor-column elementor-col-100 elementor-inner-column elementor-element elementor-element-26f21ce0\" data-id=\"26f21ce0\" data-element_type=\"column\" data-e-type=\"column\" data-settings=\"{&quot;background_background&quot;:&quot;classic&quot;}\">\n\t\t\t<div class=\"elementor-widget-wrap elementor-element-populated\">\n\t\t\t\t\t\t<div class=\"elementor-element elementor-element-4a1a2382 elementor-widget elementor-widget-text-editor\" data-id=\"4a1a2382\" data-element_type=\"widget\" data-e-type=\"widget\" data-widget_type=\"text-editor.default\">\n\t\t\t\t<div class=\"elementor-widget-container\">\n\t\t\t\t\t\t\t\t\t<p>Ef \u00fe\u00fa vilt b\u00f3ka e\u00f0a vantar frekari uppl\u00fdsingar ekki hika vi\u00f0 a\u00f0 hafa samband!<\/p><p>Sendur okkur t\u00f6lvup\u00f3st \u00e1 <a href=\"mailto:Booking@hotelvestmannaeyjar.is\" target=\"_blank\" rel=\"noopener\">booking@hotelvestmannaeyjar.is<\/a> e\u00f0a hringdu \u00ed s\u00edma <a href=\"tel:+3544812900\">481 2900<\/a><\/p>\t\t\t\t\t\t\t\t<\/div>\n\t\t\t\t<\/div>\n\t\t\t\t\t<\/div>\n\t\t<\/div>\n\t\t\t\t\t<\/div>\n\t\t<\/section>\n\t\t\t\t\t<\/div>\n\t\t<\/div>\n\t\t\t\t\t<\/div>\n\t\t<\/section>\n\t\t\t\t<\/div>\n\t\t","protected":false},"excerpt":{"rendered":"<p>Ef \u00fe\u00fa vilt b\u00f3ka e\u00f0a vantar frekari uppl\u00fdsingar ekki hika vi\u00f0 a\u00f0 hafa samband! Sendur okkur t\u00f6lvup\u00f3st \u00e1 booking@hotelvestmannaeyjar.is e\u00f0a hringdu \u00ed s\u00edma 481 2900<\/p>\n","protected":false},"author":1,"featured_media":0,"parent":0,"menu_order":0,"comment_status":"closed","ping_status":"closed","template":"","meta":{"footnotes":""},"class_list":["post-574","page","type-page","status-publish","hentry"],"yoast_head":"<!-- This site is optimized with the Yoast SEO plugin v27.4 - https:\/\/yoast.com\/product\/yoast-seo-wordpress\/ -->\n<title>Haf\u00f0u samband - The New Post Office<\/title>\n<meta name=\"robots\" content=\"index, follow, max-snippet:-1, max-image-preview:large, max-video-preview:-1\" \/>\n<link rel=\"canonical\" href=\"https:\/\/thenewpostoffice.is\/is\/hafdu-samband\/\" \/>\n<meta property=\"og:locale\" content=\"is_IS\" \/>\n<meta property=\"og:type\" content=\"article\" \/>\n<meta property=\"og:title\" content=\"Haf\u00f0u samband - The New Post Office\" \/>\n<meta property=\"og:description\" content=\"Ef \u00fe\u00fa vilt b\u00f3ka e\u00f0a vantar frekari uppl\u00fdsingar ekki hika vi\u00f0 a\u00f0 hafa samband! Sendur okkur t\u00f6lvup\u00f3st \u00e1 booking@hotelvestmannaeyjar.is e\u00f0a hringdu \u00ed s\u00edma 481 2900\" \/>\n<meta property=\"og:url\" content=\"https:\/\/thenewpostoffice.is\/is\/hafdu-samband\/\" \/>\n<meta property=\"og:site_name\" content=\"The New Post Office\" \/>\n<meta property=\"article:modified_time\" content=\"2023-11-02T14:22:50+00:00\" \/>\n<meta property=\"og:image\" content=\"https:\/\/thenewpostoffice.is\/wp-content\/uploads\/2021\/11\/TheOldPostoffice_web-13.jpg\" \/>\n\t<meta property=\"og:image:width\" content=\"1920\" \/>\n\t<meta property=\"og:image:height\" content=\"1281\" \/>\n\t<meta property=\"og:image:type\" content=\"image\/jpeg\" \/>\n<meta name=\"twitter:card\" content=\"summary_large_image\" \/>\n<script type=\"application\/ld+json\" class=\"yoast-schema-graph\">{\"@context\":\"https:\\\/\\\/schema.org\",\"@graph\":[{\"@type\":\"WebPage\",\"@id\":\"https:\\\/\\\/thenewpostoffice.is\\\/is\\\/hafdu-samband\\\/\",\"url\":\"https:\\\/\\\/thenewpostoffice.is\\\/is\\\/hafdu-samband\\\/\",\"name\":\"Haf\u00f0u samband - The New Post Office\",\"isPartOf\":{\"@id\":\"https:\\\/\\\/thenewpostoffice.is\\\/#website\"},\"datePublished\":\"2021-10-13T06:32:34+00:00\",\"dateModified\":\"2023-11-02T14:22:50+00:00\",\"breadcrumb\":{\"@id\":\"https:\\\/\\\/thenewpostoffice.is\\\/is\\\/hafdu-samband\\\/#breadcrumb\"},\"inLanguage\":\"is\",\"potentialAction\":[{\"@type\":\"ReadAction\",\"target\":[\"https:\\\/\\\/thenewpostoffice.is\\\/is\\\/hafdu-samband\\\/\"]}]},{\"@type\":\"BreadcrumbList\",\"@id\":\"https:\\\/\\\/thenewpostoffice.is\\\/is\\\/hafdu-samband\\\/#breadcrumb\",\"itemListElement\":[{\"@type\":\"ListItem\",\"position\":1,\"name\":\"Home\",\"item\":\"https:\\\/\\\/thenewpostoffice.is\\\/\"},{\"@type\":\"ListItem\",\"position\":2,\"name\":\"Haf\u00f0u samband\"}]},{\"@type\":\"WebSite\",\"@id\":\"https:\\\/\\\/thenewpostoffice.is\\\/#website\",\"url\":\"https:\\\/\\\/thenewpostoffice.is\\\/\",\"name\":\"The New Post Office\",\"description\":\"Mail Rooms\",\"potentialAction\":[{\"@type\":\"SearchAction\",\"target\":{\"@type\":\"EntryPoint\",\"urlTemplate\":\"https:\\\/\\\/thenewpostoffice.is\\\/?s={search_term_string}\"},\"query-input\":{\"@type\":\"PropertyValueSpecification\",\"valueRequired\":true,\"valueName\":\"search_term_string\"}}],\"inLanguage\":\"is\"}]}<\/script>\n<!-- \/ Yoast SEO plugin. -->","yoast_head_json":{"title":"Haf\u00f0u samband - The New Post Office","robots":{"index":"index","follow":"follow","max-snippet":"max-snippet:-1","max-image-preview":"max-image-preview:large","max-video-preview":"max-video-preview:-1"},"canonical":"https:\/\/thenewpostoffice.is\/is\/hafdu-samband\/","og_locale":"is_IS","og_type":"article","og_title":"Haf\u00f0u samband - The New Post Office","og_description":"Ef \u00fe\u00fa vilt b\u00f3ka e\u00f0a vantar frekari uppl\u00fdsingar ekki hika vi\u00f0 a\u00f0 hafa samband! Sendur okkur t\u00f6lvup\u00f3st \u00e1 booking@hotelvestmannaeyjar.is e\u00f0a hringdu \u00ed s\u00edma 481 2900","og_url":"https:\/\/thenewpostoffice.is\/is\/hafdu-samband\/","og_site_name":"The New Post Office","article_modified_time":"2023-11-02T14:22:50+00:00","og_image":[{"width":1920,"height":1281,"url":"https:\/\/thenewpostoffice.is\/wp-content\/uploads\/2021\/11\/TheOldPostoffice_web-13.jpg","type":"image\/jpeg"}],"twitter_card":"summary_large_image","schema":{"@context":"https:\/\/schema.org","@graph":[{"@type":"WebPage","@id":"https:\/\/thenewpostoffice.is\/is\/hafdu-samband\/","url":"https:\/\/thenewpostoffice.is\/is\/hafdu-samband\/","name":"Haf\u00f0u samband - The New Post Office","isPartOf":{"@id":"https:\/\/thenewpostoffice.is\/#website"},"datePublished":"2021-10-13T06:32:34+00:00","dateModified":"2023-11-02T14:22:50+00:00","breadcrumb":{"@id":"https:\/\/thenewpostoffice.is\/is\/hafdu-samband\/#breadcrumb"},"inLanguage":"is","potentialAction":[{"@type":"ReadAction","target":["https:\/\/thenewpostoffice.is\/is\/hafdu-samband\/"]}]},{"@type":"BreadcrumbList","@id":"https:\/\/thenewpostoffice.is\/is\/hafdu-samband\/#breadcrumb","itemListElement":[{"@type":"ListItem","position":1,"name":"Home","item":"https:\/\/thenewpostoffice.is\/"},{"@type":"ListItem","position":2,"name":"Haf\u00f0u samband"}]},{"@type":"WebSite","@id":"https:\/\/thenewpostoffice.is\/#website","url":"https:\/\/thenewpostoffice.is\/","name":"The New Post Office","description":"Mail Rooms","potentialAction":[{"@type":"SearchAction","target":{"@type":"EntryPoint","urlTemplate":"https:\/\/thenewpostoffice.is\/?s={search_term_string}"},"query-input":{"@type":"PropertyValueSpecification","valueRequired":true,"valueName":"search_term_string"}}],"inLanguage":"is"}]}},"_links":{"self":[{"href":"https:\/\/thenewpostoffice.is\/is\/wp-json\/wp\/v2\/pages\/574","targetHints":{"allow":["GET"]}}],"collection":[{"href":"https:\/\/thenewpostoffice.is\/is\/wp-json\/wp\/v2\/pages"}],"about":[{"href":"https:\/\/thenewpostoffice.is\/is\/wp-json\/wp\/v2\/types\/page"}],"author":[{"embeddable":true,"href":"https:\/\/thenewpostoffice.is\/is\/wp-json\/wp\/v2\/users\/1"}],"replies":[{"embeddable":true,"href":"https:\/\/thenewpostoffice.is\/is\/wp-json\/wp\/v2\/comments?post=574"}],"version-history":[{"count":0,"href":"https:\/\/thenewpostoffice.is\/is\/wp-json\/wp\/v2\/pages\/574\/revisions"}],"wp:attachment":[{"href":"https:\/\/thenewpostoffice.is\/is\/wp-json\/wp\/v2\/media?parent=574"}],"curies":[{"name":"wp","href":"https:\/\/api.w.org\/{rel}","templated":true}]}}