{"id":578,"date":"2021-10-13T06:37:57","date_gmt":"2021-10-13T06:37:57","guid":{"rendered":"https:\/\/0eaa2a1151.nxcli.io\/ibudirnar\/"},"modified":"2023-11-02T13:59:11","modified_gmt":"2023-11-02T13:59:11","slug":"ibudirnar","status":"publish","type":"page","link":"https:\/\/thenewpostoffice.is\/is\/ibudirnar\/","title":{"rendered":"\u00cdb\u00fa\u00f0irnar"},"content":{"rendered":"\t\t<div data-elementor-type=\"wp-page\" data-elementor-id=\"578\" class=\"elementor elementor-578 elementor-445\" data-elementor-post-type=\"page\">\n\t\t\t\t\t\t<section class=\"elementor-section elementor-top-section elementor-element elementor-element-2c79b414 elementor-section-height-min-height elementor-section-boxed elementor-section-height-default elementor-section-items-middle\" data-id=\"2c79b414\" data-element_type=\"section\" data-e-type=\"section\" data-settings=\"{&quot;background_background&quot;:&quot;classic&quot;}\">\n\t\t\t\t\t\t<div class=\"elementor-container elementor-column-gap-default\">\n\t\t\t\t\t<div class=\"elementor-column elementor-col-100 elementor-top-column elementor-element elementor-element-562bc86c animated-slow elementor-invisible\" data-id=\"562bc86c\" data-element_type=\"column\" data-e-type=\"column\" data-settings=\"{&quot;animation&quot;:&quot;zoomIn&quot;,&quot;animation_delay&quot;:2000}\">\n\t\t\t<div class=\"elementor-widget-wrap\">\n\t\t\t\t\t\t\t<\/div>\n\t\t<\/div>\n\t\t\t\t\t<\/div>\n\t\t<\/section>\n\t\t\t\t<section class=\"elementor-section elementor-top-section elementor-element elementor-element-60f7dbfb elementor-section-boxed elementor-section-height-default elementor-section-height-default\" data-id=\"60f7dbfb\" data-element_type=\"section\" data-e-type=\"section\">\n\t\t\t\t\t\t<div class=\"elementor-container elementor-column-gap-default\">\n\t\t\t\t\t<div class=\"elementor-column elementor-col-100 elementor-top-column elementor-element elementor-element-73a56102\" data-id=\"73a56102\" data-element_type=\"column\" data-e-type=\"column\">\n\t\t\t<div class=\"elementor-widget-wrap elementor-element-populated\">\n\t\t\t\t\t\t<section class=\"elementor-section elementor-inner-section elementor-element elementor-element-af9a150 elementor-section-height-min-height elementor-section-boxed elementor-section-height-default\" data-id=\"af9a150\" data-element_type=\"section\" data-e-type=\"section\">\n\t\t\t\t\t\t<div class=\"elementor-container elementor-column-gap-default\">\n\t\t\t\t\t<div class=\"elementor-column elementor-col-50 elementor-inner-column elementor-element elementor-element-114c21d\" data-id=\"114c21d\" data-element_type=\"column\" data-e-type=\"column\">\n\t\t\t<div class=\"elementor-widget-wrap elementor-element-populated\">\n\t\t\t\t\t\t<div class=\"elementor-element elementor-element-7518d39 elementor-mobile-align-center elementor-icon-list--layout-traditional elementor-list-item-link-full_width elementor-widget elementor-widget-icon-list\" data-id=\"7518d39\" data-element_type=\"widget\" data-e-type=\"widget\" data-widget_type=\"icon-list.default\">\n\t\t\t\t<div class=\"elementor-widget-container\">\n\t\t\t\t\t\t\t<ul class=\"elementor-icon-list-items\">\n\t\t\t\t\t\t\t<li class=\"elementor-icon-list-item\">\n\t\t\t\t\t\t\t\t\t\t\t<a href=\"https:\/\/property.godo.is\/booking.php?propid=211457&#038;invoicee=31803&#038;referer=Website\">\n\n\t\t\t\t\t\t\t\t\t\t\t<span class=\"elementor-icon-list-text\">B\u00f3ka n\u00fana<\/span>\n\t\t\t\t\t\t\t\t\t\t\t<\/a>\n\t\t\t\t\t\t\t\t\t<\/li>\n\t\t\t\t\t\t\t\t<li class=\"elementor-icon-list-item\">\n\t\t\t\t\t\t\t\t\t\t\t<a href=\"https:\/\/thenewpostoffice.is\/is\/myndir\/\">\n\n\t\t\t\t\t\t\t\t\t\t\t<span class=\"elementor-icon-list-text\">Myndir<\/span>\n\t\t\t\t\t\t\t\t\t\t\t<\/a>\n\t\t\t\t\t\t\t\t\t<\/li>\n\t\t\t\t\t\t\t\t<li class=\"elementor-icon-list-item\">\n\t\t\t\t\t\t\t\t\t\t\t<a href=\"https:\/\/thenewpostoffice.is\/is\/hvernig-kemst-eg-til-vestmannaeyja\/\">\n\n\t\t\t\t\t\t\t\t\t\t\t<span class=\"elementor-icon-list-text\">Hvernig kemst \u00e9g til Vestmannaeyja?<\/span>\n\t\t\t\t\t\t\t\t\t\t\t<\/a>\n\t\t\t\t\t\t\t\t\t<\/li>\n\t\t\t\t\t\t\t\t<li class=\"elementor-icon-list-item\">\n\t\t\t\t\t\t\t\t\t\t\t<a href=\"https:\/\/thenewpostoffice.is\/contact\/\">\n\n\t\t\t\t\t\t\t\t\t\t\t<span class=\"elementor-icon-list-text\">Haf\u00f0u samband<\/span>\n\t\t\t\t\t\t\t\t\t\t\t<\/a>\n\t\t\t\t\t\t\t\t\t<\/li>\n\t\t\t\t\t\t<\/ul>\n\t\t\t\t\t\t<\/div>\n\t\t\t\t<\/div>\n\t\t\t\t\t<\/div>\n\t\t<\/div>\n\t\t\t\t<div class=\"elementor-column elementor-col-50 elementor-inner-column elementor-element elementor-element-3143b568\" data-id=\"3143b568\" data-element_type=\"column\" data-e-type=\"column\" data-settings=\"{&quot;background_background&quot;:&quot;classic&quot;}\">\n\t\t\t<div class=\"elementor-widget-wrap elementor-element-populated\">\n\t\t\t\t\t\t<div class=\"elementor-element elementor-element-572eca93 elementor-widget elementor-widget-text-editor\" data-id=\"572eca93\" data-element_type=\"widget\" data-e-type=\"widget\" data-widget_type=\"text-editor.default\">\n\t\t\t\t<div class=\"elementor-widget-container\">\n\t\t\t\t\t\t\t\t\t<p>\u00cdb\u00fa\u00f0irnar \u00ed N\u00fdja P\u00f3sth\u00fasinu eru fullb\u00fanar 28 til 38 fermetrar a\u00f0 st\u00e6r\u00f0. \u00cd \u00f6llum \u00edb\u00fa\u00f0um er s\u00e9r ba\u00f0herbergi, fullb\u00fai\u00f0 eldh\u00fas, eldh\u00fasbor\u00f0, stofa og svalir. \u00cd \u00edb\u00fa\u00f0unum eru anna\u00f0 hvort tv\u00edbrei\u00f0 r\u00fam e\u00f0a tv\u00f6 einbrei\u00f0 r\u00fam \u00e1samt svefns\u00f3fa \u00ed stofunni. \u00cd stofunni er l\u00edka snjallsj\u00f3nvarp me\u00f0 a\u00f0gang a\u00f0 Netflix. Vi\u00f0 bj\u00f3\u00f0um gestum okkar a\u00f0 sj\u00e1lfs\u00f6g\u00f0u upp \u00e1 fr\u00edtt WiFi. \u00cd N\u00fdja P\u00f3sth\u00fasinu hafa gestir okkar a\u00f0gang a\u00f0 sameiginlegu r\u00fdmi \u00fear sem er klakav\u00e9l og setustofa, a\u00f0gangur a\u00f0 geymslu \u00fear sem t.d. er h\u00e6gt a\u00f0 geyma hj\u00f3l e\u00f0a golfsett, og svo bj\u00f3\u00f0um vi\u00f0 upp \u00e1 st\u00e6rsta s\u00f3lpall Vestmannaeyja.<\/p><p><strong>Tveggja herbergja \u00edb\u00fa\u00f0<\/strong><\/p><ul><li>30-38 fermetra \u00edb\u00fa\u00f0ir me\u00f0 einu svefnherbergi<\/li><li>Tv\u00f6 einbrei\u00f0 e\u00f0a st\u00f3rt tv\u00edbreitt r\u00fam \u00e1samt svefns\u00f3fa, svefna\u00f0sta\u00f0a fyrir 2-4 manns<\/li><li>Fullb\u00fai\u00f0 eldh\u00fas og eldh\u00fasbor\u00f0<\/li><li>Ba\u00f0herbergi me\u00f0 sturtu og hreinl\u00e6tisv\u00f6rum<\/li><li>Snjallsj\u00f3nvarp me\u00f0 a\u00f0gang a\u00f0 Netflix<\/li><li>S\u00e9r svalir<\/li><\/ul><p>\u00a0<\/p><p><strong>St\u00fad\u00ed\u00f3 \u00edb\u00fa\u00f0<\/strong><\/p><ul><li>28 fermetra st\u00fad\u00ed\u00f3\u00edb\u00fa\u00f0<\/li><li>140 cm r\u00fam og svefns\u00f3fi, svefna\u00f0sta\u00f0a fyrir 2-3 manns<\/li><li>Fullb\u00fai\u00f0 eldh\u00fas og eldh\u00fasbor\u00f0<\/li><li>Ba\u00f0herbergi me\u00f0 sturtu og hreinl\u00e6tisv\u00f6rum<\/li><li>Snjallsj\u00f3nvarp me\u00f0 Netflix<\/li><li>S\u00e9r svalir<\/li><\/ul>\t\t\t\t\t\t\t\t<\/div>\n\t\t\t\t<\/div>\n\t\t\t\t\t<\/div>\n\t\t<\/div>\n\t\t\t\t\t<\/div>\n\t\t<\/section>\n\t\t\t\t\t<\/div>\n\t\t<\/div>\n\t\t\t\t\t<\/div>\n\t\t<\/section>\n\t\t\t\t<section class=\"elementor-section elementor-top-section elementor-element elementor-element-373f1a0 elementor-section-boxed elementor-section-height-default elementor-section-height-default\" data-id=\"373f1a0\" data-element_type=\"section\" data-e-type=\"section\">\n\t\t\t\t\t\t<div class=\"elementor-container elementor-column-gap-default\">\n\t\t\t\t\t<div class=\"elementor-column elementor-col-100 elementor-top-column elementor-element elementor-element-892f287\" data-id=\"892f287\" data-element_type=\"column\" data-e-type=\"column\">\n\t\t\t<div class=\"elementor-widget-wrap elementor-element-populated\">\n\t\t\t\t\t\t<div class=\"elementor-element elementor-element-1f207f4 elementor-align-center elementor-widget elementor-widget-button\" data-id=\"1f207f4\" data-element_type=\"widget\" data-e-type=\"widget\" data-widget_type=\"button.default\">\n\t\t\t\t<div class=\"elementor-widget-container\">\n\t\t\t\t\t\t\t\t\t<div class=\"elementor-button-wrapper\">\n\t\t\t\t\t<a class=\"elementor-button elementor-button-link elementor-size-md\" href=\"https:\/\/thenewpostoffice.is\/is\/boka-nuna\/\">\n\t\t\t\t\t\t<span class=\"elementor-button-content-wrapper\">\n\t\t\t\t\t\t\t\t\t<span class=\"elementor-button-text\">B\u00d3KA N\u00daNA<\/span>\n\t\t\t\t\t<\/span>\n\t\t\t\t\t<\/a>\n\t\t\t\t<\/div>\n\t\t\t\t\t\t\t\t<\/div>\n\t\t\t\t<\/div>\n\t\t\t\t\t<\/div>\n\t\t<\/div>\n\t\t\t\t\t<\/div>\n\t\t<\/section>\n\t\t\t\t<section class=\"elementor-section elementor-top-section elementor-element elementor-element-a6bd3d7 elementor-section-boxed elementor-section-height-default elementor-section-height-default\" data-id=\"a6bd3d7\" data-element_type=\"section\" data-e-type=\"section\">\n\t\t\t\t\t\t<div class=\"elementor-container elementor-column-gap-default\">\n\t\t\t\t\t<div class=\"elementor-column elementor-col-100 elementor-top-column elementor-element elementor-element-13a180c\" data-id=\"13a180c\" data-element_type=\"column\" data-e-type=\"column\">\n\t\t\t<div class=\"elementor-widget-wrap elementor-element-populated\">\n\t\t\t\t\t\t<div class=\"elementor-element elementor-element-319f830 elementor-widget elementor-widget-image\" data-id=\"319f830\" data-element_type=\"widget\" data-e-type=\"widget\" data-widget_type=\"image.default\">\n\t\t\t\t<div class=\"elementor-widget-container\">\n\t\t\t\t\t\t\t\t\t\t\t\t\t\t\t<img decoding=\"async\" src=\"https:\/\/thenewpostoffice.is\/wp-content\/uploads\/2021\/10\/GSS_0481-Edit.jpg\" title=\"\" alt=\"\" loading=\"lazy\" \/>\t\t\t\t\t\t\t\t\t\t\t\t\t\t\t<\/div>\n\t\t\t\t<\/div>\n\t\t\t\t\t<\/div>\n\t\t<\/div>\n\t\t\t\t\t<\/div>\n\t\t<\/section>\n\t\t\t\t<\/div>\n\t\t","protected":false},"excerpt":{"rendered":"<p>B\u00f3ka n\u00fana Myndir Hvernig kemst \u00e9g til Vestmannaeyja? Haf\u00f0u samband \u00cdb\u00fa\u00f0irnar \u00ed N\u00fdja P\u00f3sth\u00fasinu eru fullb\u00fanar 28 til 38 fermetrar a\u00f0 st\u00e6r\u00f0. \u00cd \u00f6llum \u00edb\u00fa\u00f0um er s\u00e9r ba\u00f0herbergi, fullb\u00fai\u00f0 eldh\u00fas, eldh\u00fasbor\u00f0, stofa og svalir. \u00cd \u00edb\u00fa\u00f0unum eru anna\u00f0 hvort tv\u00edbrei\u00f0 r\u00fam e\u00f0a tv\u00f6 einbrei\u00f0 r\u00fam \u00e1samt svefns\u00f3fa \u00ed stofunni. \u00cd stofunni er l\u00edka snjallsj\u00f3nvarp me\u00f0 [&hellip;]<\/p>\n","protected":false},"author":1,"featured_media":0,"parent":0,"menu_order":0,"comment_status":"closed","ping_status":"closed","template":"","meta":{"footnotes":""},"class_list":["post-578","page","type-page","status-publish","hentry"],"yoast_head":"<!-- This site is optimized with the Yoast SEO plugin v27.4 - https:\/\/yoast.com\/product\/yoast-seo-wordpress\/ -->\n<title>\u00cdb\u00fa\u00f0irnar - Gisting \u00ed hjarta Vestmannaeyja - The New Post Office<\/title>\n<meta name=\"description\" content=\"Fullb\u00fanar \u00edb\u00fa\u00f0ir me\u00f0 svefna\u00f0st\u00f6\u00f0u fyrir 2-4 manns. Sameiginleg setustofa auk geymslu fyrir hj\u00f3l e\u00f0a golfsett.\" \/>\n<meta name=\"robots\" content=\"index, follow, max-snippet:-1, max-image-preview:large, max-video-preview:-1\" \/>\n<link rel=\"canonical\" href=\"https:\/\/thenewpostoffice.is\/apartments\/\" \/>\n<meta property=\"og:locale\" content=\"is_IS\" \/>\n<meta property=\"og:type\" content=\"article\" \/>\n<meta property=\"og:title\" content=\"\u00cdb\u00fa\u00f0irnar - Gisting \u00ed hjarta Vestmannaeyja - The New Post Office\" \/>\n<meta property=\"og:description\" content=\"Fullb\u00fanar \u00edb\u00fa\u00f0ir me\u00f0 svefna\u00f0st\u00f6\u00f0u fyrir 2-4 manns. Sameiginleg setustofa auk geymslu fyrir hj\u00f3l e\u00f0a golfsett.\" \/>\n<meta property=\"og:url\" content=\"https:\/\/thenewpostoffice.is\/apartments\/\" \/>\n<meta property=\"og:site_name\" content=\"The New Post Office\" \/>\n<meta property=\"article:modified_time\" content=\"2023-11-02T13:59:11+00:00\" \/>\n<meta property=\"og:image\" content=\"https:\/\/thenewpostoffice.is\/wp-content\/uploads\/2021\/10\/GSS_0481-Edit.jpg\" \/>\n<meta name=\"twitter:card\" content=\"summary_large_image\" \/>\n<meta name=\"twitter:label1\" content=\"Est. reading time\" \/>\n\t<meta name=\"twitter:data1\" content=\"1 minute\" \/>\n<script type=\"application\/ld+json\" class=\"yoast-schema-graph\">{\"@context\":\"https:\\\/\\\/schema.org\",\"@graph\":[{\"@type\":\"WebPage\",\"@id\":\"https:\\\/\\\/thenewpostoffice.is\\\/apartments\\\/\",\"url\":\"https:\\\/\\\/thenewpostoffice.is\\\/apartments\\\/\",\"name\":\"\u00cdb\u00fa\u00f0irnar - Gisting \u00ed hjarta Vestmannaeyja - The New Post Office\",\"isPartOf\":{\"@id\":\"https:\\\/\\\/thenewpostoffice.is\\\/#website\"},\"primaryImageOfPage\":{\"@id\":\"https:\\\/\\\/thenewpostoffice.is\\\/apartments\\\/#primaryimage\"},\"image\":{\"@id\":\"https:\\\/\\\/thenewpostoffice.is\\\/apartments\\\/#primaryimage\"},\"thumbnailUrl\":\"https:\\\/\\\/thenewpostoffice.is\\\/wp-content\\\/uploads\\\/2021\\\/10\\\/GSS_0481-Edit.jpg\",\"datePublished\":\"2021-10-13T06:37:57+00:00\",\"dateModified\":\"2023-11-02T13:59:11+00:00\",\"description\":\"Fullb\u00fanar \u00edb\u00fa\u00f0ir me\u00f0 svefna\u00f0st\u00f6\u00f0u fyrir 2-4 manns. Sameiginleg setustofa auk geymslu fyrir hj\u00f3l e\u00f0a golfsett.\",\"breadcrumb\":{\"@id\":\"https:\\\/\\\/thenewpostoffice.is\\\/apartments\\\/#breadcrumb\"},\"inLanguage\":\"is\",\"potentialAction\":[{\"@type\":\"ReadAction\",\"target\":[\"https:\\\/\\\/thenewpostoffice.is\\\/apartments\\\/\"]}]},{\"@type\":\"ImageObject\",\"inLanguage\":\"is\",\"@id\":\"https:\\\/\\\/thenewpostoffice.is\\\/apartments\\\/#primaryimage\",\"url\":\"https:\\\/\\\/thenewpostoffice.is\\\/wp-content\\\/uploads\\\/2021\\\/10\\\/GSS_0481-Edit.jpg\",\"contentUrl\":\"https:\\\/\\\/thenewpostoffice.is\\\/wp-content\\\/uploads\\\/2021\\\/10\\\/GSS_0481-Edit.jpg\"},{\"@type\":\"BreadcrumbList\",\"@id\":\"https:\\\/\\\/thenewpostoffice.is\\\/apartments\\\/#breadcrumb\",\"itemListElement\":[{\"@type\":\"ListItem\",\"position\":1,\"name\":\"Home\",\"item\":\"https:\\\/\\\/thenewpostoffice.is\\\/\"},{\"@type\":\"ListItem\",\"position\":2,\"name\":\"\u00cdb\u00fa\u00f0irnar\"}]},{\"@type\":\"WebSite\",\"@id\":\"https:\\\/\\\/thenewpostoffice.is\\\/#website\",\"url\":\"https:\\\/\\\/thenewpostoffice.is\\\/\",\"name\":\"The New Post Office\",\"description\":\"Mail Rooms\",\"potentialAction\":[{\"@type\":\"SearchAction\",\"target\":{\"@type\":\"EntryPoint\",\"urlTemplate\":\"https:\\\/\\\/thenewpostoffice.is\\\/?s={search_term_string}\"},\"query-input\":{\"@type\":\"PropertyValueSpecification\",\"valueRequired\":true,\"valueName\":\"search_term_string\"}}],\"inLanguage\":\"is\"}]}<\/script>\n<!-- \/ Yoast SEO plugin. -->","yoast_head_json":{"title":"\u00cdb\u00fa\u00f0irnar - Gisting \u00ed hjarta Vestmannaeyja - The New Post Office","description":"Fullb\u00fanar \u00edb\u00fa\u00f0ir me\u00f0 svefna\u00f0st\u00f6\u00f0u fyrir 2-4 manns. Sameiginleg setustofa auk geymslu fyrir hj\u00f3l e\u00f0a golfsett.","robots":{"index":"index","follow":"follow","max-snippet":"max-snippet:-1","max-image-preview":"max-image-preview:large","max-video-preview":"max-video-preview:-1"},"canonical":"https:\/\/thenewpostoffice.is\/apartments\/","og_locale":"is_IS","og_type":"article","og_title":"\u00cdb\u00fa\u00f0irnar - Gisting \u00ed hjarta Vestmannaeyja - The New Post Office","og_description":"Fullb\u00fanar \u00edb\u00fa\u00f0ir me\u00f0 svefna\u00f0st\u00f6\u00f0u fyrir 2-4 manns. Sameiginleg setustofa auk geymslu fyrir hj\u00f3l e\u00f0a golfsett.","og_url":"https:\/\/thenewpostoffice.is\/apartments\/","og_site_name":"The New Post Office","article_modified_time":"2023-11-02T13:59:11+00:00","og_image":[{"url":"https:\/\/thenewpostoffice.is\/wp-content\/uploads\/2021\/10\/GSS_0481-Edit.jpg","type":"","width":"","height":""}],"twitter_card":"summary_large_image","twitter_misc":{"Est. reading time":"1 minute"},"schema":{"@context":"https:\/\/schema.org","@graph":[{"@type":"WebPage","@id":"https:\/\/thenewpostoffice.is\/apartments\/","url":"https:\/\/thenewpostoffice.is\/apartments\/","name":"\u00cdb\u00fa\u00f0irnar - Gisting \u00ed hjarta Vestmannaeyja - The New Post Office","isPartOf":{"@id":"https:\/\/thenewpostoffice.is\/#website"},"primaryImageOfPage":{"@id":"https:\/\/thenewpostoffice.is\/apartments\/#primaryimage"},"image":{"@id":"https:\/\/thenewpostoffice.is\/apartments\/#primaryimage"},"thumbnailUrl":"https:\/\/thenewpostoffice.is\/wp-content\/uploads\/2021\/10\/GSS_0481-Edit.jpg","datePublished":"2021-10-13T06:37:57+00:00","dateModified":"2023-11-02T13:59:11+00:00","description":"Fullb\u00fanar \u00edb\u00fa\u00f0ir me\u00f0 svefna\u00f0st\u00f6\u00f0u fyrir 2-4 manns. Sameiginleg setustofa auk geymslu fyrir hj\u00f3l e\u00f0a golfsett.","breadcrumb":{"@id":"https:\/\/thenewpostoffice.is\/apartments\/#breadcrumb"},"inLanguage":"is","potentialAction":[{"@type":"ReadAction","target":["https:\/\/thenewpostoffice.is\/apartments\/"]}]},{"@type":"ImageObject","inLanguage":"is","@id":"https:\/\/thenewpostoffice.is\/apartments\/#primaryimage","url":"https:\/\/thenewpostoffice.is\/wp-content\/uploads\/2021\/10\/GSS_0481-Edit.jpg","contentUrl":"https:\/\/thenewpostoffice.is\/wp-content\/uploads\/2021\/10\/GSS_0481-Edit.jpg"},{"@type":"BreadcrumbList","@id":"https:\/\/thenewpostoffice.is\/apartments\/#breadcrumb","itemListElement":[{"@type":"ListItem","position":1,"name":"Home","item":"https:\/\/thenewpostoffice.is\/"},{"@type":"ListItem","position":2,"name":"\u00cdb\u00fa\u00f0irnar"}]},{"@type":"WebSite","@id":"https:\/\/thenewpostoffice.is\/#website","url":"https:\/\/thenewpostoffice.is\/","name":"The New Post Office","description":"Mail Rooms","potentialAction":[{"@type":"SearchAction","target":{"@type":"EntryPoint","urlTemplate":"https:\/\/thenewpostoffice.is\/?s={search_term_string}"},"query-input":{"@type":"PropertyValueSpecification","valueRequired":true,"valueName":"search_term_string"}}],"inLanguage":"is"}]}},"_links":{"self":[{"href":"https:\/\/thenewpostoffice.is\/is\/wp-json\/wp\/v2\/pages\/578","targetHints":{"allow":["GET"]}}],"collection":[{"href":"https:\/\/thenewpostoffice.is\/is\/wp-json\/wp\/v2\/pages"}],"about":[{"href":"https:\/\/thenewpostoffice.is\/is\/wp-json\/wp\/v2\/types\/page"}],"author":[{"embeddable":true,"href":"https:\/\/thenewpostoffice.is\/is\/wp-json\/wp\/v2\/users\/1"}],"replies":[{"embeddable":true,"href":"https:\/\/thenewpostoffice.is\/is\/wp-json\/wp\/v2\/comments?post=578"}],"version-history":[{"count":0,"href":"https:\/\/thenewpostoffice.is\/is\/wp-json\/wp\/v2\/pages\/578\/revisions"}],"wp:attachment":[{"href":"https:\/\/thenewpostoffice.is\/is\/wp-json\/wp\/v2\/media?parent=578"}],"curies":[{"name":"wp","href":"https:\/\/api.w.org\/{rel}","templated":true}]}}