{"id":592,"date":"2021-10-13T09:25:23","date_gmt":"2021-10-13T09:25:23","guid":{"rendered":"https:\/\/0eaa2a1151.nxcli.io\/hvernig-kemst-eg-til-vestmannaeyja\/"},"modified":"2021-11-20T14:26:00","modified_gmt":"2021-11-20T14:26:00","slug":"hvernig-kemst-eg-til-vestmannaeyja","status":"publish","type":"page","link":"https:\/\/thenewpostoffice.is\/is\/hvernig-kemst-eg-til-vestmannaeyja\/","title":{"rendered":"Hvernig kemst \u00e9g til Vestmannaeyja?"},"content":{"rendered":"\t\t<div data-elementor-type=\"wp-page\" data-elementor-id=\"592\" class=\"elementor elementor-592 elementor-290\" data-elementor-post-type=\"page\">\n\t\t\t\t\t\t<section class=\"elementor-section elementor-top-section elementor-element elementor-element-7fa41520 elementor-section-height-min-height elementor-section-boxed elementor-section-height-default elementor-section-items-middle\" data-id=\"7fa41520\" data-element_type=\"section\" data-e-type=\"section\" data-settings=\"{&quot;background_background&quot;:&quot;classic&quot;}\">\n\t\t\t\t\t\t<div class=\"elementor-container elementor-column-gap-default\">\n\t\t\t\t\t<div class=\"elementor-column elementor-col-100 elementor-top-column elementor-element elementor-element-2a3fc6df animated-slow elementor-invisible\" data-id=\"2a3fc6df\" data-element_type=\"column\" data-e-type=\"column\" data-settings=\"{&quot;animation&quot;:&quot;zoomIn&quot;,&quot;animation_delay&quot;:2000}\">\n\t\t\t<div class=\"elementor-widget-wrap\">\n\t\t\t\t\t\t\t<\/div>\n\t\t<\/div>\n\t\t\t\t\t<\/div>\n\t\t<\/section>\n\t\t\t\t<section class=\"elementor-section elementor-top-section elementor-element elementor-element-4668d958 elementor-section-boxed elementor-section-height-default elementor-section-height-default\" data-id=\"4668d958\" data-element_type=\"section\" data-e-type=\"section\">\n\t\t\t\t\t\t<div class=\"elementor-container elementor-column-gap-default\">\n\t\t\t\t\t<div class=\"elementor-column elementor-col-100 elementor-top-column elementor-element elementor-element-4613baed\" data-id=\"4613baed\" data-element_type=\"column\" data-e-type=\"column\">\n\t\t\t<div class=\"elementor-widget-wrap elementor-element-populated\">\n\t\t\t\t\t\t<section class=\"elementor-section elementor-inner-section elementor-element elementor-element-42f2616c elementor-section-height-min-height elementor-section-boxed elementor-section-height-default\" data-id=\"42f2616c\" data-element_type=\"section\" data-e-type=\"section\">\n\t\t\t\t\t\t<div class=\"elementor-container elementor-column-gap-default\">\n\t\t\t\t\t<div class=\"elementor-column elementor-col-50 elementor-inner-column elementor-element elementor-element-76280dc\" data-id=\"76280dc\" data-element_type=\"column\" data-e-type=\"column\">\n\t\t\t<div class=\"elementor-widget-wrap elementor-element-populated\">\n\t\t\t\t\t\t<div class=\"elementor-element elementor-element-1e5ce84 elementor-mobile-align-center elementor-icon-list--layout-traditional elementor-list-item-link-full_width elementor-widget elementor-widget-icon-list\" data-id=\"1e5ce84\" data-element_type=\"widget\" data-e-type=\"widget\" data-widget_type=\"icon-list.default\">\n\t\t\t\t<div class=\"elementor-widget-container\">\n\t\t\t\t\t\t\t<ul class=\"elementor-icon-list-items\">\n\t\t\t\t\t\t\t<li class=\"elementor-icon-list-item\">\n\t\t\t\t\t\t\t\t\t\t\t<a href=\"https:\/\/thenewpostoffice.is\/is\/boka-nuna\/\">\n\n\t\t\t\t\t\t\t\t\t\t\t<span class=\"elementor-icon-list-text\">B\u00f3ka n\u00fana<\/span>\n\t\t\t\t\t\t\t\t\t\t\t<\/a>\n\t\t\t\t\t\t\t\t\t<\/li>\n\t\t\t\t\t\t\t\t<li class=\"elementor-icon-list-item\">\n\t\t\t\t\t\t\t\t\t\t\t<a href=\"https:\/\/thenewpostoffice.is\/is\/myndir\/\">\n\n\t\t\t\t\t\t\t\t\t\t\t<span class=\"elementor-icon-list-text\">Myndir<\/span>\n\t\t\t\t\t\t\t\t\t\t\t<\/a>\n\t\t\t\t\t\t\t\t\t<\/li>\n\t\t\t\t\t\t\t\t<li class=\"elementor-icon-list-item\">\n\t\t\t\t\t\t\t\t\t\t\t<a href=\"https:\/\/thenewpostoffice.is\/is\/hvernig-kemst-eg-til-vestmannaeyja\/\">\n\n\t\t\t\t\t\t\t\t\t\t\t<span class=\"elementor-icon-list-text\">Hvernig kemst \u00e9g til Vestmannaeyja?<\/span>\n\t\t\t\t\t\t\t\t\t\t\t<\/a>\n\t\t\t\t\t\t\t\t\t<\/li>\n\t\t\t\t\t\t\t\t<li class=\"elementor-icon-list-item\">\n\t\t\t\t\t\t\t\t\t\t\t<a href=\"https:\/\/thenewpostoffice.is\/contact\/\">\n\n\t\t\t\t\t\t\t\t\t\t\t<span class=\"elementor-icon-list-text\">Haf\u00f0u samband<\/span>\n\t\t\t\t\t\t\t\t\t\t\t<\/a>\n\t\t\t\t\t\t\t\t\t<\/li>\n\t\t\t\t\t\t<\/ul>\n\t\t\t\t\t\t<\/div>\n\t\t\t\t<\/div>\n\t\t\t\t\t<\/div>\n\t\t<\/div>\n\t\t\t\t<div class=\"elementor-column elementor-col-50 elementor-inner-column elementor-element elementor-element-55992ddf\" data-id=\"55992ddf\" data-element_type=\"column\" data-e-type=\"column\" data-settings=\"{&quot;background_background&quot;:&quot;classic&quot;}\">\n\t\t\t<div class=\"elementor-widget-wrap elementor-element-populated\">\n\t\t\t\t\t\t<div class=\"elementor-element elementor-element-f7f15b2 elementor-widget elementor-widget-text-editor\" data-id=\"f7f15b2\" data-element_type=\"widget\" data-e-type=\"widget\" data-widget_type=\"text-editor.default\">\n\t\t\t\t<div class=\"elementor-widget-container\">\n\t\t\t\t\t\t\t\t\t<p>Herj\u00f3lfur siglir allan \u00e1rsins hring milli lands og eyja.<\/p><p>Daglegar brottfarir eru fr\u00e1 Landeyjah\u00f6fn til Vestmannaeyja, en \u00ed einstaka tilfellum siglir ferjan milli \u00deorl\u00e1kshafnar og Vestmannaeyja.<\/p><p>Siglingin milli Landeyjahafnar og Vestmannaeyja tekur 35-40 m\u00edn\u00fatur, akstur milli Reykjav\u00edkur og Landeyjahafnar er t\u00e6plega 2 t\u00edmar. Siglingin milli \u00deorl\u00e1kshafnar og Vestmannaeyjar tekur 2 t\u00edma og 45 m\u00edn\u00fatur og akstur milli Reykjav\u00edkur og \u00deorl\u00e1kshafnar er um 45 m\u00edn\u00fatur.<\/p><p>Vi\u00f0 m\u00e6lum me\u00f0 a\u00f0 b\u00f3ka far me\u00f0 ferjunni me\u00f0 g\u00f3\u00f0um fyrirvara.<\/p><p><a href=\"https:\/\/herjolfur.is\/\">H\u00e9r m\u00e1 sj\u00e1 n\u00e1nari uppl\u00fdsingar um brottfarir ferjunnar.<\/a><\/p><p>\u00deegar til Vestmannaeyja er komi\u00f0 er flest allt \u00ed g\u00f6nguf\u00e6ri. H\u00e6gt er a\u00f0 leigja Hopp e\u00f0a panta leigub\u00edl, s\u00edman\u00fameri\u00f0 hj\u00e1 Eyjataxa er <a href=\"tel:+3546982038\">698-2038<\/a>.<\/p><p>N\u00fdja P\u00f3sth\u00fasi\u00f0 er \u00ed 10 m\u00edn\u00fatna g\u00f6gnuf\u00e6ri fr\u00e1 h\u00f6fninni.<\/p><p>Heimilisfangi\u00f0 hj\u00e1 The New Post Office er Vestmannabraut 22, sj\u00e1 mynd fyrir g\u00f6ngukort.<\/p>\t\t\t\t\t\t\t\t<\/div>\n\t\t\t\t<\/div>\n\t\t\t\t<div class=\"elementor-element elementor-element-f154f23 elementor-widget elementor-widget-image\" data-id=\"f154f23\" data-element_type=\"widget\" data-e-type=\"widget\" data-widget_type=\"image.default\">\n\t\t\t\t<div class=\"elementor-widget-container\">\n\t\t\t\t\t\t\t\t\t\t\t\t\t\t\t<img fetchpriority=\"high\" decoding=\"async\" width=\"800\" height=\"818\" src=\"https:\/\/thenewpostoffice.is\/wp-content\/uploads\/2021\/07\/thumbnail_Post_office_kort-1002x1024.png\" class=\"attachment-large size-large wp-image-657\" alt=\"\" srcset=\"https:\/\/thenewpostoffice.is\/wp-content\/uploads\/2021\/07\/thumbnail_Post_office_kort-1002x1024.png 1002w, https:\/\/thenewpostoffice.is\/wp-content\/uploads\/2021\/07\/thumbnail_Post_office_kort-294x300.png 294w, https:\/\/thenewpostoffice.is\/wp-content\/uploads\/2021\/07\/thumbnail_Post_office_kort-768x785.png 768w, https:\/\/thenewpostoffice.is\/wp-content\/uploads\/2021\/07\/thumbnail_Post_office_kort.png 1229w\" sizes=\"(max-width: 800px) 100vw, 800px\" \/>\t\t\t\t\t\t\t\t\t\t\t\t\t\t\t<\/div>\n\t\t\t\t<\/div>\n\t\t\t\t\t<\/div>\n\t\t<\/div>\n\t\t\t\t\t<\/div>\n\t\t<\/section>\n\t\t\t\t\t<\/div>\n\t\t<\/div>\n\t\t\t\t\t<\/div>\n\t\t<\/section>\n\t\t\t\t<\/div>\n\t\t","protected":false},"excerpt":{"rendered":"<p>B\u00f3ka n\u00fana Myndir Hvernig kemst \u00e9g til Vestmannaeyja? Haf\u00f0u samband Herj\u00f3lfur siglir allan \u00e1rsins hring milli lands og eyja. Daglegar brottfarir eru fr\u00e1 Landeyjah\u00f6fn til Vestmannaeyja, en \u00ed einstaka tilfellum siglir ferjan milli \u00deorl\u00e1kshafnar og Vestmannaeyja. Siglingin milli Landeyjahafnar og Vestmannaeyja tekur 35-40 m\u00edn\u00fatur, akstur milli Reykjav\u00edkur og Landeyjahafnar er t\u00e6plega 2 t\u00edmar. Siglingin milli [&hellip;]<\/p>\n","protected":false},"author":1,"featured_media":0,"parent":0,"menu_order":0,"comment_status":"closed","ping_status":"closed","template":"","meta":{"footnotes":""},"class_list":["post-592","page","type-page","status-publish","hentry"],"yoast_head":"<!-- This site is optimized with the Yoast SEO plugin v27.4 - https:\/\/yoast.com\/product\/yoast-seo-wordpress\/ -->\n<title>Hvernig kemst \u00e9g til Vestmannaeyja? - The New Post Office<\/title>\n<meta name=\"robots\" content=\"index, follow, max-snippet:-1, max-image-preview:large, max-video-preview:-1\" \/>\n<link rel=\"canonical\" href=\"https:\/\/thenewpostoffice.is\/how-to-get-here\/\" \/>\n<meta property=\"og:locale\" content=\"is_IS\" \/>\n<meta property=\"og:type\" content=\"article\" \/>\n<meta property=\"og:title\" content=\"Hvernig kemst \u00e9g til Vestmannaeyja? - The New Post Office\" \/>\n<meta property=\"og:description\" content=\"B\u00f3ka n\u00fana Myndir Hvernig kemst \u00e9g til Vestmannaeyja? Haf\u00f0u samband Herj\u00f3lfur siglir allan \u00e1rsins hring milli lands og eyja. Daglegar brottfarir eru fr\u00e1 Landeyjah\u00f6fn til Vestmannaeyja, en \u00ed einstaka tilfellum siglir ferjan milli \u00deorl\u00e1kshafnar og Vestmannaeyja. Siglingin milli Landeyjahafnar og Vestmannaeyja tekur 35-40 m\u00edn\u00fatur, akstur milli Reykjav\u00edkur og Landeyjahafnar er t\u00e6plega 2 t\u00edmar. Siglingin milli [&hellip;]\" \/>\n<meta property=\"og:url\" content=\"https:\/\/thenewpostoffice.is\/how-to-get-here\/\" \/>\n<meta property=\"og:site_name\" content=\"The New Post Office\" \/>\n<meta property=\"article:modified_time\" content=\"2021-11-20T14:26:00+00:00\" \/>\n<meta property=\"og:image\" content=\"https:\/\/thenewpostoffice.is\/wp-content\/uploads\/2021\/07\/thumbnail_Post_office_kort-1002x1024.png\" \/>\n<meta name=\"twitter:card\" content=\"summary_large_image\" \/>\n<meta name=\"twitter:label1\" content=\"Est. reading time\" \/>\n\t<meta name=\"twitter:data1\" content=\"1 minute\" \/>\n<script type=\"application\/ld+json\" class=\"yoast-schema-graph\">{\"@context\":\"https:\\\/\\\/schema.org\",\"@graph\":[{\"@type\":\"WebPage\",\"@id\":\"https:\\\/\\\/thenewpostoffice.is\\\/how-to-get-here\\\/\",\"url\":\"https:\\\/\\\/thenewpostoffice.is\\\/how-to-get-here\\\/\",\"name\":\"Hvernig kemst \u00e9g til Vestmannaeyja? - The New Post Office\",\"isPartOf\":{\"@id\":\"https:\\\/\\\/thenewpostoffice.is\\\/#website\"},\"primaryImageOfPage\":{\"@id\":\"https:\\\/\\\/thenewpostoffice.is\\\/how-to-get-here\\\/#primaryimage\"},\"image\":{\"@id\":\"https:\\\/\\\/thenewpostoffice.is\\\/how-to-get-here\\\/#primaryimage\"},\"thumbnailUrl\":\"https:\\\/\\\/thenewpostoffice.is\\\/wp-content\\\/uploads\\\/2021\\\/07\\\/thumbnail_Post_office_kort-1002x1024.png\",\"datePublished\":\"2021-10-13T09:25:23+00:00\",\"dateModified\":\"2021-11-20T14:26:00+00:00\",\"breadcrumb\":{\"@id\":\"https:\\\/\\\/thenewpostoffice.is\\\/how-to-get-here\\\/#breadcrumb\"},\"inLanguage\":\"is\",\"potentialAction\":[{\"@type\":\"ReadAction\",\"target\":[\"https:\\\/\\\/thenewpostoffice.is\\\/how-to-get-here\\\/\"]}]},{\"@type\":\"ImageObject\",\"inLanguage\":\"is\",\"@id\":\"https:\\\/\\\/thenewpostoffice.is\\\/how-to-get-here\\\/#primaryimage\",\"url\":\"https:\\\/\\\/thenewpostoffice.is\\\/wp-content\\\/uploads\\\/2021\\\/07\\\/thumbnail_Post_office_kort-1002x1024.png\",\"contentUrl\":\"https:\\\/\\\/thenewpostoffice.is\\\/wp-content\\\/uploads\\\/2021\\\/07\\\/thumbnail_Post_office_kort-1002x1024.png\"},{\"@type\":\"BreadcrumbList\",\"@id\":\"https:\\\/\\\/thenewpostoffice.is\\\/how-to-get-here\\\/#breadcrumb\",\"itemListElement\":[{\"@type\":\"ListItem\",\"position\":1,\"name\":\"Home\",\"item\":\"https:\\\/\\\/thenewpostoffice.is\\\/\"},{\"@type\":\"ListItem\",\"position\":2,\"name\":\"Hvernig kemst \u00e9g til Vestmannaeyja?\"}]},{\"@type\":\"WebSite\",\"@id\":\"https:\\\/\\\/thenewpostoffice.is\\\/#website\",\"url\":\"https:\\\/\\\/thenewpostoffice.is\\\/\",\"name\":\"The New Post Office\",\"description\":\"Mail Rooms\",\"potentialAction\":[{\"@type\":\"SearchAction\",\"target\":{\"@type\":\"EntryPoint\",\"urlTemplate\":\"https:\\\/\\\/thenewpostoffice.is\\\/?s={search_term_string}\"},\"query-input\":{\"@type\":\"PropertyValueSpecification\",\"valueRequired\":true,\"valueName\":\"search_term_string\"}}],\"inLanguage\":\"is\"}]}<\/script>\n<!-- \/ Yoast SEO plugin. -->","yoast_head_json":{"title":"Hvernig kemst \u00e9g til Vestmannaeyja? - The New Post Office","robots":{"index":"index","follow":"follow","max-snippet":"max-snippet:-1","max-image-preview":"max-image-preview:large","max-video-preview":"max-video-preview:-1"},"canonical":"https:\/\/thenewpostoffice.is\/how-to-get-here\/","og_locale":"is_IS","og_type":"article","og_title":"Hvernig kemst \u00e9g til Vestmannaeyja? - The New Post Office","og_description":"B\u00f3ka n\u00fana Myndir Hvernig kemst \u00e9g til Vestmannaeyja? Haf\u00f0u samband Herj\u00f3lfur siglir allan \u00e1rsins hring milli lands og eyja. Daglegar brottfarir eru fr\u00e1 Landeyjah\u00f6fn til Vestmannaeyja, en \u00ed einstaka tilfellum siglir ferjan milli \u00deorl\u00e1kshafnar og Vestmannaeyja. Siglingin milli Landeyjahafnar og Vestmannaeyja tekur 35-40 m\u00edn\u00fatur, akstur milli Reykjav\u00edkur og Landeyjahafnar er t\u00e6plega 2 t\u00edmar. Siglingin milli [&hellip;]","og_url":"https:\/\/thenewpostoffice.is\/how-to-get-here\/","og_site_name":"The New Post Office","article_modified_time":"2021-11-20T14:26:00+00:00","og_image":[{"url":"https:\/\/thenewpostoffice.is\/wp-content\/uploads\/2021\/07\/thumbnail_Post_office_kort-1002x1024.png","type":"","width":"","height":""}],"twitter_card":"summary_large_image","twitter_misc":{"Est. reading time":"1 minute"},"schema":{"@context":"https:\/\/schema.org","@graph":[{"@type":"WebPage","@id":"https:\/\/thenewpostoffice.is\/how-to-get-here\/","url":"https:\/\/thenewpostoffice.is\/how-to-get-here\/","name":"Hvernig kemst \u00e9g til Vestmannaeyja? - The New Post Office","isPartOf":{"@id":"https:\/\/thenewpostoffice.is\/#website"},"primaryImageOfPage":{"@id":"https:\/\/thenewpostoffice.is\/how-to-get-here\/#primaryimage"},"image":{"@id":"https:\/\/thenewpostoffice.is\/how-to-get-here\/#primaryimage"},"thumbnailUrl":"https:\/\/thenewpostoffice.is\/wp-content\/uploads\/2021\/07\/thumbnail_Post_office_kort-1002x1024.png","datePublished":"2021-10-13T09:25:23+00:00","dateModified":"2021-11-20T14:26:00+00:00","breadcrumb":{"@id":"https:\/\/thenewpostoffice.is\/how-to-get-here\/#breadcrumb"},"inLanguage":"is","potentialAction":[{"@type":"ReadAction","target":["https:\/\/thenewpostoffice.is\/how-to-get-here\/"]}]},{"@type":"ImageObject","inLanguage":"is","@id":"https:\/\/thenewpostoffice.is\/how-to-get-here\/#primaryimage","url":"https:\/\/thenewpostoffice.is\/wp-content\/uploads\/2021\/07\/thumbnail_Post_office_kort-1002x1024.png","contentUrl":"https:\/\/thenewpostoffice.is\/wp-content\/uploads\/2021\/07\/thumbnail_Post_office_kort-1002x1024.png"},{"@type":"BreadcrumbList","@id":"https:\/\/thenewpostoffice.is\/how-to-get-here\/#breadcrumb","itemListElement":[{"@type":"ListItem","position":1,"name":"Home","item":"https:\/\/thenewpostoffice.is\/"},{"@type":"ListItem","position":2,"name":"Hvernig kemst \u00e9g til Vestmannaeyja?"}]},{"@type":"WebSite","@id":"https:\/\/thenewpostoffice.is\/#website","url":"https:\/\/thenewpostoffice.is\/","name":"The New Post Office","description":"Mail Rooms","potentialAction":[{"@type":"SearchAction","target":{"@type":"EntryPoint","urlTemplate":"https:\/\/thenewpostoffice.is\/?s={search_term_string}"},"query-input":{"@type":"PropertyValueSpecification","valueRequired":true,"valueName":"search_term_string"}}],"inLanguage":"is"}]}},"_links":{"self":[{"href":"https:\/\/thenewpostoffice.is\/is\/wp-json\/wp\/v2\/pages\/592","targetHints":{"allow":["GET"]}}],"collection":[{"href":"https:\/\/thenewpostoffice.is\/is\/wp-json\/wp\/v2\/pages"}],"about":[{"href":"https:\/\/thenewpostoffice.is\/is\/wp-json\/wp\/v2\/types\/page"}],"author":[{"embeddable":true,"href":"https:\/\/thenewpostoffice.is\/is\/wp-json\/wp\/v2\/users\/1"}],"replies":[{"embeddable":true,"href":"https:\/\/thenewpostoffice.is\/is\/wp-json\/wp\/v2\/comments?post=592"}],"version-history":[{"count":0,"href":"https:\/\/thenewpostoffice.is\/is\/wp-json\/wp\/v2\/pages\/592\/revisions"}],"wp:attachment":[{"href":"https:\/\/thenewpostoffice.is\/is\/wp-json\/wp\/v2\/media?parent=592"}],"curies":[{"name":"wp","href":"https:\/\/api.w.org\/{rel}","templated":true}]}}